{"id":9,"date":"2019-10-02T06:50:57","date_gmt":"2019-10-02T06:50:57","guid":{"rendered":"http:\/\/epra.hr\/?page_id=9"},"modified":"2024-03-26T15:23:32","modified_gmt":"2024-03-26T15:23:32","slug":"o-nama","status":"publish","type":"page","link":"https:\/\/epra.hr\/sl\/o-nama\/","title":{"rendered":"O nas"},"content":{"rendered":"<p>Podjetje Epra d.o.o je bilo ustanovljeno leta 1993 kot majhno dru\u017einsko podjetje za proizvodnjo ter prodajo pip in delov. Z leti smo rasli in napredovali in danes smo znani kot eden najve\u010djih distributerjev pip in delov v na\u0161i regiji.<\/p>\n\n\n\n<p>Da bi na\u0161im strankam ponudili le najbolj\u0161e, je bila ustvarjena blagovna znamka \"EPRA\". Na\u0161 cilj je biti prepoznan kot proizvajalec, ki ponuja visoko kakovost, izjemno funkcionalnost, cenovno dostopnost in popolno zdravstveno ispravnost.<\/p>\n\n\n\n<p>Stvari ne prepu\u0161\u010damo naklju\u010dju, posebno pozornost pa posve\u010damo zdravstveni varnosti vseh na\u0161ih izdelkov, ki so vklju\u010deni v redne uradne sanitarne in zdravstvene preglede. Zato na\u0161i izdelki izpolnjujejo najzahtevnej\u0161e evropske sanitarne in zdravstvene standarde.<\/p>\n\n\n\n<p>S ponosom lahko poudarimo, da smo na podlagi izku\u0161enj skozi nenehne stike s strankami razvili odli\u010dno znanje o tr\u017enih potrebah. Na\u0161a ekipa je polna izku\u0161enj, znanja in je vedno pripravljena svetovati svojim strankam pri izbiri najbolj\u0161e mo\u017enosti glede na njihove potrebe. Z organiziranim delom komercialnih in terenskih storitev so na\u0161i izdelki na voljo vsem.<\/p>\n\n\n\n<p>Va\u0161 EPRA ekipa.<\/p>","protected":false},"excerpt":{"rendered":"<p>Epra d.o.o je osnovana 1993 godine kao malo obiteljsko poduze\u0107e za proizvodnju i veleprodaju slavina i dijelova. Tijekom godina rasli smo i napredovali te smo danas poznati kao jedni od zna\u010dajnijih distributera slavina i dijelova u na\u0161oj regiji. U \u017eelji da svojim klijentima nudimo samo najbolje, nastao je brand \u201eEPRA\u201c. Na\u0161a misija je da budemo [&#8230;]<\/p>\n<p><a class=\"btn btn-secondary understrap-read-more-link\" href=\"https:\/\/epra.hr\/sl\/o-nama\/\">Preberi ve\u010d&#8230;<span class=\"screen-reader-text\"> from O nama<\/span><\/a><\/p>","protected":false},"author":1,"featured_media":147,"parent":0,"menu_order":0,"comment_status":"closed","ping_status":"closed","template":"","meta":{"footnotes":""},"yoast_head":"<!-- This site is optimized with the Yoast SEO plugin v22.4 - https:\/\/yoast.com\/wordpress\/plugins\/seo\/ -->\n<title>O nama - Epra d.o.o.<\/title>\n<meta name=\"robots\" content=\"index, follow, max-snippet:-1, max-image-preview:large, max-video-preview:-1\" \/>\n<link rel=\"canonical\" href=\"https:\/\/epra.hr\/sl\/o-nama\/\" \/>\n<meta property=\"og:locale\" content=\"sl_SI\" \/>\n<meta property=\"og:type\" content=\"article\" \/>\n<meta property=\"og:title\" content=\"O nama - Epra d.o.o.\" \/>\n<meta property=\"og:description\" content=\"Epra d.o.o je osnovana 1993 godine kao malo obiteljsko poduze\u0107e za proizvodnju i veleprodaju slavina i dijelova. Tijekom godina rasli smo i napredovali te smo danas poznati kao jedni od zna\u010dajnijih distributera slavina i dijelova u na\u0161oj regiji. U \u017eelji da svojim klijentima nudimo samo najbolje, nastao je brand \u201eEPRA\u201c. Na\u0161a misija je da budemo [...]Preberi ve\u010d... from O nama\" \/>\n<meta property=\"og:url\" content=\"https:\/\/epra.hr\/sl\/o-nama\/\" \/>\n<meta property=\"og:site_name\" content=\"Epra d.o.o.\" \/>\n<meta property=\"article:publisher\" content=\"https:\/\/www.facebook.com\/EPRA-106341574571660\/\" \/>\n<meta property=\"article:modified_time\" content=\"2024-03-26T15:23:32+00:00\" \/>\n<meta property=\"og:image\" content=\"https:\/\/epra.hr\/wp-content\/uploads\/2019\/11\/Epra-zgrada2.jpg\" \/>\n\t<meta property=\"og:image:width\" content=\"1024\" \/>\n\t<meta property=\"og:image:height\" content=\"645\" \/>\n\t<meta property=\"og:image:type\" content=\"image\/jpeg\" \/>\n<meta name=\"twitter:card\" content=\"summary_large_image\" \/>\n<meta name=\"twitter:label1\" content=\"Est. reading time\" \/>\n\t<meta name=\"twitter:data1\" content=\"1 minuta\" \/>\n<script type=\"application\/ld+json\" class=\"yoast-schema-graph\">{\"@context\":\"https:\/\/schema.org\",\"@graph\":[{\"@type\":\"WebPage\",\"@id\":\"https:\/\/epra.hr\/o-nama\/\",\"url\":\"https:\/\/epra.hr\/o-nama\/\",\"name\":\"O nama - Epra d.o.o.\",\"isPartOf\":{\"@id\":\"https:\/\/epra.hr\/#website\"},\"primaryImageOfPage\":{\"@id\":\"https:\/\/epra.hr\/o-nama\/#primaryimage\"},\"image\":{\"@id\":\"https:\/\/epra.hr\/o-nama\/#primaryimage\"},\"thumbnailUrl\":\"https:\/\/epra.hr\/wp-content\/uploads\/2019\/11\/Epra-zgrada2.jpg\",\"datePublished\":\"2019-10-02T06:50:57+00:00\",\"dateModified\":\"2024-03-26T15:23:32+00:00\",\"breadcrumb\":{\"@id\":\"https:\/\/epra.hr\/o-nama\/#breadcrumb\"},\"inLanguage\":\"sl-SI\",\"potentialAction\":[{\"@type\":\"ReadAction\",\"target\":[\"https:\/\/epra.hr\/o-nama\/\"]}]},{\"@type\":\"ImageObject\",\"inLanguage\":\"sl-SI\",\"@id\":\"https:\/\/epra.hr\/o-nama\/#primaryimage\",\"url\":\"https:\/\/epra.hr\/wp-content\/uploads\/2019\/11\/Epra-zgrada2.jpg\",\"contentUrl\":\"https:\/\/epra.hr\/wp-content\/uploads\/2019\/11\/Epra-zgrada2.jpg\",\"width\":1024,\"height\":645,\"caption\":\"Epra d.o.o. proizvodnja slavina\"},{\"@type\":\"BreadcrumbList\",\"@id\":\"https:\/\/epra.hr\/o-nama\/#breadcrumb\",\"itemListElement\":[{\"@type\":\"ListItem\",\"position\":1,\"name\":\"Home\",\"item\":\"https:\/\/epra.hr\/\"},{\"@type\":\"ListItem\",\"position\":2,\"name\":\"O nama\"}]},{\"@type\":\"WebSite\",\"@id\":\"https:\/\/epra.hr\/#website\",\"url\":\"https:\/\/epra.hr\/\",\"name\":\"Epra d.o.o.\",\"description\":\"Proizvodnja i prodaja slavina\",\"potentialAction\":[{\"@type\":\"SearchAction\",\"target\":{\"@type\":\"EntryPoint\",\"urlTemplate\":\"https:\/\/epra.hr\/?s={search_term_string}\"},\"query-input\":\"required name=search_term_string\"}],\"inLanguage\":\"sl-SI\"}]}<\/script>\n<!-- \/ Yoast SEO plugin. -->","yoast_head_json":{"title":"O nama - Epra d.o.o.","robots":{"index":"index","follow":"follow","max-snippet":"max-snippet:-1","max-image-preview":"max-image-preview:large","max-video-preview":"max-video-preview:-1"},"canonical":"https:\/\/epra.hr\/sl\/o-nama\/","og_locale":"sl_SI","og_type":"article","og_title":"O nama - Epra d.o.o.","og_description":"Epra d.o.o je osnovana 1993 godine kao malo obiteljsko poduze\u0107e za proizvodnju i veleprodaju slavina i dijelova. Tijekom godina rasli smo i napredovali te smo danas poznati kao jedni od zna\u010dajnijih distributera slavina i dijelova u na\u0161oj regiji. U \u017eelji da svojim klijentima nudimo samo najbolje, nastao je brand \u201eEPRA\u201c. Na\u0161a misija je da budemo [...]Preberi ve\u010d... from O nama","og_url":"https:\/\/epra.hr\/sl\/o-nama\/","og_site_name":"Epra d.o.o.","article_publisher":"https:\/\/www.facebook.com\/EPRA-106341574571660\/","article_modified_time":"2024-03-26T15:23:32+00:00","og_image":[{"width":1024,"height":645,"url":"https:\/\/epra.hr\/wp-content\/uploads\/2019\/11\/Epra-zgrada2.jpg","type":"image\/jpeg"}],"twitter_card":"summary_large_image","twitter_misc":{"Est. reading time":"1 minuta"},"schema":{"@context":"https:\/\/schema.org","@graph":[{"@type":"WebPage","@id":"https:\/\/epra.hr\/o-nama\/","url":"https:\/\/epra.hr\/o-nama\/","name":"O nama - Epra d.o.o.","isPartOf":{"@id":"https:\/\/epra.hr\/#website"},"primaryImageOfPage":{"@id":"https:\/\/epra.hr\/o-nama\/#primaryimage"},"image":{"@id":"https:\/\/epra.hr\/o-nama\/#primaryimage"},"thumbnailUrl":"https:\/\/epra.hr\/wp-content\/uploads\/2019\/11\/Epra-zgrada2.jpg","datePublished":"2019-10-02T06:50:57+00:00","dateModified":"2024-03-26T15:23:32+00:00","breadcrumb":{"@id":"https:\/\/epra.hr\/o-nama\/#breadcrumb"},"inLanguage":"sl-SI","potentialAction":[{"@type":"ReadAction","target":["https:\/\/epra.hr\/o-nama\/"]}]},{"@type":"ImageObject","inLanguage":"sl-SI","@id":"https:\/\/epra.hr\/o-nama\/#primaryimage","url":"https:\/\/epra.hr\/wp-content\/uploads\/2019\/11\/Epra-zgrada2.jpg","contentUrl":"https:\/\/epra.hr\/wp-content\/uploads\/2019\/11\/Epra-zgrada2.jpg","width":1024,"height":645,"caption":"Epra d.o.o. proizvodnja slavina"},{"@type":"BreadcrumbList","@id":"https:\/\/epra.hr\/o-nama\/#breadcrumb","itemListElement":[{"@type":"ListItem","position":1,"name":"Home","item":"https:\/\/epra.hr\/"},{"@type":"ListItem","position":2,"name":"O nama"}]},{"@type":"WebSite","@id":"https:\/\/epra.hr\/#website","url":"https:\/\/epra.hr\/","name":"Epra d.o.o.","description":"Proizvodnja i prodaja slavina","potentialAction":[{"@type":"SearchAction","target":{"@type":"EntryPoint","urlTemplate":"https:\/\/epra.hr\/?s={search_term_string}"},"query-input":"required name=search_term_string"}],"inLanguage":"sl-SI"}]}},"_links":{"self":[{"href":"https:\/\/epra.hr\/sl\/wp-json\/wp\/v2\/pages\/9"}],"collection":[{"href":"https:\/\/epra.hr\/sl\/wp-json\/wp\/v2\/pages"}],"about":[{"href":"https:\/\/epra.hr\/sl\/wp-json\/wp\/v2\/types\/page"}],"author":[{"embeddable":true,"href":"https:\/\/epra.hr\/sl\/wp-json\/wp\/v2\/users\/1"}],"replies":[{"embeddable":true,"href":"https:\/\/epra.hr\/sl\/wp-json\/wp\/v2\/comments?post=9"}],"version-history":[{"count":11,"href":"https:\/\/epra.hr\/sl\/wp-json\/wp\/v2\/pages\/9\/revisions"}],"predecessor-version":[{"id":361,"href":"https:\/\/epra.hr\/sl\/wp-json\/wp\/v2\/pages\/9\/revisions\/361"}],"wp:featuredmedia":[{"embeddable":true,"href":"https:\/\/epra.hr\/sl\/wp-json\/wp\/v2\/media\/147"}],"wp:attachment":[{"href":"https:\/\/epra.hr\/sl\/wp-json\/wp\/v2\/media?parent=9"}],"curies":[{"name":"wp","href":"https:\/\/api.w.org\/{rel}","templated":true}]}}