{"id":42,"date":"2019-10-02T09:07:34","date_gmt":"2019-10-02T09:07:34","guid":{"rendered":"http:\/\/epra.hr\/?page_id=42"},"modified":"2024-03-22T03:48:24","modified_gmt":"2024-03-22T03:48:24","slug":"mcm-taps","status":"publish","type":"page","link":"https:\/\/epra.hr\/sl\/partneri\/mcm-taps\/","title":{"rendered":"MCM Taps"},"content":{"rendered":"<p>MCM je leta 1991 ustanovila dru\u017eina Margarini v Borgomanerju (NO).<\/p>\n\n\n\n<p>Nahajamo se v okro\u017eju Piemont na severovzhodu dr\u017eave, specializirano za dolo\u010deno industrijo in\u017eenirskega sektorja: pipe in priklju\u010dki. Cusio-Valsesia je \u0161e vedno eno najve\u010djih svetovnih sredi\u0161\u010d za predelavo medenine.<\/p>\n\n\n\n<p>\nS\u010dasoma smo razvili linijo samozapiralnih pip in opreme za kakovostno in enostavno upravljanje.<\/p>\n\n\n\n<p> Na\u0161i izdelki so zasnovani za javne zgradbe in povr\u0161ine s posebnimi pogoji in potrebami. Izdelki MCM vklju\u010dujejo pipe (za umivalnik, steno, tu\u0161) in ventile (za pisoarje in strani\u0161\u010da) z avtomatskim zapiranjem, ki jih lahko upravljate z gumbom, ro\u010dico, pedalom ali elektronsko napravo (infrarde\u010da), poleg pip s takoj\u0161njim zapiranjem (pitniki, vodjaki). <\/p>\n\n\n\n<figure class=\"wp-block-image\"><img loading=\"lazy\" decoding=\"async\" width=\"976\" height=\"400\" src=\"http:\/\/epra.hr\/wp-content\/uploads\/2020\/06\/mcm-epra.jpg\" alt=\"\" class=\"wp-image-371\" srcset=\"https:\/\/epra.hr\/wp-content\/uploads\/2020\/06\/mcm-epra.jpg 976w, https:\/\/epra.hr\/wp-content\/uploads\/2020\/06\/mcm-epra-150x61.jpg 150w, https:\/\/epra.hr\/wp-content\/uploads\/2020\/06\/mcm-epra-300x123.jpg 300w, https:\/\/epra.hr\/wp-content\/uploads\/2020\/06\/mcm-epra-768x315.jpg 768w\" sizes=\"(max-width: 976px) 100vw, 976px\" \/><\/figure>\n\n\n\n<p> <\/p>","protected":false},"excerpt":{"rendered":"<p>MCM je osnovala je 1991. godine obitelj Margarini u Borgomaneru (NO). Nalazimo se u okrugu Piemonte na sjeveroisto\u010dnom dijelu zemlje, specijaliziranom za specifi\u010dnu industriju in\u017eenjerskog sektora: slavine i priklju\u010dci. \u010cetvrt slavina Cusio-Valsesia i dalje je jedan od najve\u0107ih svjetskih centara za obradu mesinga. Vremenom smo razvili liniju slavina za samo zatvaranje i opreme za kvalitetno [&#8230;]<\/p>\n<p><a class=\"btn btn-secondary understrap-read-more-link\" href=\"https:\/\/epra.hr\/sl\/partneri\/mcm-taps\/\">Preberi ve\u010d&#8230;<span class=\"screen-reader-text\"> from MCM Taps<\/span><\/a><\/p>","protected":false},"author":1,"featured_media":0,"parent":13,"menu_order":0,"comment_status":"closed","ping_status":"closed","template":"partner.php","meta":{"footnotes":""},"yoast_head":"<!-- This site is optimized with the Yoast SEO plugin v22.4 - https:\/\/yoast.com\/wordpress\/plugins\/seo\/ -->\n<title>MCM Taps - Epra d.o.o.<\/title>\n<meta name=\"robots\" content=\"index, follow, max-snippet:-1, max-image-preview:large, max-video-preview:-1\" \/>\n<link rel=\"canonical\" href=\"https:\/\/epra.hr\/sl\/partneri\/mcm-taps\/\" \/>\n<meta property=\"og:locale\" content=\"sl_SI\" \/>\n<meta property=\"og:type\" content=\"article\" \/>\n<meta property=\"og:title\" content=\"MCM Taps - Epra d.o.o.\" \/>\n<meta property=\"og:description\" content=\"MCM je osnovala je 1991. godine obitelj Margarini u Borgomaneru (NO). Nalazimo se u okrugu Piemonte na sjeveroisto\u010dnom dijelu zemlje, specijaliziranom za specifi\u010dnu industriju in\u017eenjerskog sektora: slavine i priklju\u010dci. \u010cetvrt slavina Cusio-Valsesia i dalje je jedan od najve\u0107ih svjetskih centara za obradu mesinga. Vremenom smo razvili liniju slavina za samo zatvaranje i opreme za kvalitetno [...]Preberi ve\u010d... from MCM Taps\" \/>\n<meta property=\"og:url\" content=\"https:\/\/epra.hr\/sl\/partneri\/mcm-taps\/\" \/>\n<meta property=\"og:site_name\" content=\"Epra d.o.o.\" \/>\n<meta property=\"article:publisher\" content=\"https:\/\/www.facebook.com\/EPRA-106341574571660\/\" \/>\n<meta property=\"article:modified_time\" content=\"2024-03-22T03:48:24+00:00\" \/>\n<meta property=\"og:image\" content=\"http:\/\/epra.hr\/wp-content\/uploads\/2020\/06\/mcm-epra.jpg\" \/>\n<meta name=\"twitter:card\" content=\"summary_large_image\" \/>\n<meta name=\"twitter:label1\" content=\"Est. reading time\" \/>\n\t<meta name=\"twitter:data1\" content=\"1 minuta\" \/>\n<script type=\"application\/ld+json\" class=\"yoast-schema-graph\">{\"@context\":\"https:\/\/schema.org\",\"@graph\":[{\"@type\":\"WebPage\",\"@id\":\"https:\/\/epra.hr\/partneri\/mcm-taps\/\",\"url\":\"https:\/\/epra.hr\/partneri\/mcm-taps\/\",\"name\":\"MCM Taps - Epra d.o.o.\",\"isPartOf\":{\"@id\":\"https:\/\/epra.hr\/#website\"},\"primaryImageOfPage\":{\"@id\":\"https:\/\/epra.hr\/partneri\/mcm-taps\/#primaryimage\"},\"image\":{\"@id\":\"https:\/\/epra.hr\/partneri\/mcm-taps\/#primaryimage\"},\"thumbnailUrl\":\"http:\/\/epra.hr\/wp-content\/uploads\/2020\/06\/mcm-epra.jpg\",\"datePublished\":\"2019-10-02T09:07:34+00:00\",\"dateModified\":\"2024-03-22T03:48:24+00:00\",\"breadcrumb\":{\"@id\":\"https:\/\/epra.hr\/partneri\/mcm-taps\/#breadcrumb\"},\"inLanguage\":\"sl-SI\",\"potentialAction\":[{\"@type\":\"ReadAction\",\"target\":[\"https:\/\/epra.hr\/partneri\/mcm-taps\/\"]}]},{\"@type\":\"ImageObject\",\"inLanguage\":\"sl-SI\",\"@id\":\"https:\/\/epra.hr\/partneri\/mcm-taps\/#primaryimage\",\"url\":\"http:\/\/epra.hr\/wp-content\/uploads\/2020\/06\/mcm-epra.jpg\",\"contentUrl\":\"http:\/\/epra.hr\/wp-content\/uploads\/2020\/06\/mcm-epra.jpg\"},{\"@type\":\"BreadcrumbList\",\"@id\":\"https:\/\/epra.hr\/partneri\/mcm-taps\/#breadcrumb\",\"itemListElement\":[{\"@type\":\"ListItem\",\"position\":1,\"name\":\"Home\",\"item\":\"https:\/\/epra.hr\/\"},{\"@type\":\"ListItem\",\"position\":2,\"name\":\"Partneri\",\"item\":\"https:\/\/epra.hr\/partneri\/\"},{\"@type\":\"ListItem\",\"position\":3,\"name\":\"MCM Taps\"}]},{\"@type\":\"WebSite\",\"@id\":\"https:\/\/epra.hr\/#website\",\"url\":\"https:\/\/epra.hr\/\",\"name\":\"Epra d.o.o.\",\"description\":\"Proizvodnja i prodaja slavina\",\"potentialAction\":[{\"@type\":\"SearchAction\",\"target\":{\"@type\":\"EntryPoint\",\"urlTemplate\":\"https:\/\/epra.hr\/?s={search_term_string}\"},\"query-input\":\"required name=search_term_string\"}],\"inLanguage\":\"sl-SI\"}]}<\/script>\n<!-- \/ Yoast SEO plugin. -->","yoast_head_json":{"title":"MCM Taps - Epra d.o.o.","robots":{"index":"index","follow":"follow","max-snippet":"max-snippet:-1","max-image-preview":"max-image-preview:large","max-video-preview":"max-video-preview:-1"},"canonical":"https:\/\/epra.hr\/sl\/partneri\/mcm-taps\/","og_locale":"sl_SI","og_type":"article","og_title":"MCM Taps - Epra d.o.o.","og_description":"MCM je osnovala je 1991. godine obitelj Margarini u Borgomaneru (NO). Nalazimo se u okrugu Piemonte na sjeveroisto\u010dnom dijelu zemlje, specijaliziranom za specifi\u010dnu industriju in\u017eenjerskog sektora: slavine i priklju\u010dci. \u010cetvrt slavina Cusio-Valsesia i dalje je jedan od najve\u0107ih svjetskih centara za obradu mesinga. Vremenom smo razvili liniju slavina za samo zatvaranje i opreme za kvalitetno [...]Preberi ve\u010d... from MCM Taps","og_url":"https:\/\/epra.hr\/sl\/partneri\/mcm-taps\/","og_site_name":"Epra d.o.o.","article_publisher":"https:\/\/www.facebook.com\/EPRA-106341574571660\/","article_modified_time":"2024-03-22T03:48:24+00:00","og_image":[{"url":"http:\/\/epra.hr\/wp-content\/uploads\/2020\/06\/mcm-epra.jpg"}],"twitter_card":"summary_large_image","twitter_misc":{"Est. reading time":"1 minuta"},"schema":{"@context":"https:\/\/schema.org","@graph":[{"@type":"WebPage","@id":"https:\/\/epra.hr\/partneri\/mcm-taps\/","url":"https:\/\/epra.hr\/partneri\/mcm-taps\/","name":"MCM Taps - Epra d.o.o.","isPartOf":{"@id":"https:\/\/epra.hr\/#website"},"primaryImageOfPage":{"@id":"https:\/\/epra.hr\/partneri\/mcm-taps\/#primaryimage"},"image":{"@id":"https:\/\/epra.hr\/partneri\/mcm-taps\/#primaryimage"},"thumbnailUrl":"http:\/\/epra.hr\/wp-content\/uploads\/2020\/06\/mcm-epra.jpg","datePublished":"2019-10-02T09:07:34+00:00","dateModified":"2024-03-22T03:48:24+00:00","breadcrumb":{"@id":"https:\/\/epra.hr\/partneri\/mcm-taps\/#breadcrumb"},"inLanguage":"sl-SI","potentialAction":[{"@type":"ReadAction","target":["https:\/\/epra.hr\/partneri\/mcm-taps\/"]}]},{"@type":"ImageObject","inLanguage":"sl-SI","@id":"https:\/\/epra.hr\/partneri\/mcm-taps\/#primaryimage","url":"http:\/\/epra.hr\/wp-content\/uploads\/2020\/06\/mcm-epra.jpg","contentUrl":"http:\/\/epra.hr\/wp-content\/uploads\/2020\/06\/mcm-epra.jpg"},{"@type":"BreadcrumbList","@id":"https:\/\/epra.hr\/partneri\/mcm-taps\/#breadcrumb","itemListElement":[{"@type":"ListItem","position":1,"name":"Home","item":"https:\/\/epra.hr\/"},{"@type":"ListItem","position":2,"name":"Partneri","item":"https:\/\/epra.hr\/partneri\/"},{"@type":"ListItem","position":3,"name":"MCM Taps"}]},{"@type":"WebSite","@id":"https:\/\/epra.hr\/#website","url":"https:\/\/epra.hr\/","name":"Epra d.o.o.","description":"Proizvodnja i prodaja slavina","potentialAction":[{"@type":"SearchAction","target":{"@type":"EntryPoint","urlTemplate":"https:\/\/epra.hr\/?s={search_term_string}"},"query-input":"required name=search_term_string"}],"inLanguage":"sl-SI"}]}},"_links":{"self":[{"href":"https:\/\/epra.hr\/sl\/wp-json\/wp\/v2\/pages\/42"}],"collection":[{"href":"https:\/\/epra.hr\/sl\/wp-json\/wp\/v2\/pages"}],"about":[{"href":"https:\/\/epra.hr\/sl\/wp-json\/wp\/v2\/types\/page"}],"author":[{"embeddable":true,"href":"https:\/\/epra.hr\/sl\/wp-json\/wp\/v2\/users\/1"}],"replies":[{"embeddable":true,"href":"https:\/\/epra.hr\/sl\/wp-json\/wp\/v2\/comments?post=42"}],"version-history":[{"count":7,"href":"https:\/\/epra.hr\/sl\/wp-json\/wp\/v2\/pages\/42\/revisions"}],"predecessor-version":[{"id":372,"href":"https:\/\/epra.hr\/sl\/wp-json\/wp\/v2\/pages\/42\/revisions\/372"}],"up":[{"embeddable":true,"href":"https:\/\/epra.hr\/sl\/wp-json\/wp\/v2\/pages\/13"}],"wp:attachment":[{"href":"https:\/\/epra.hr\/sl\/wp-json\/wp\/v2\/media?parent=42"}],"curies":[{"name":"wp","href":"https:\/\/api.w.org\/{rel}","templated":true}]}}