{"id":36,"date":"2019-10-02T09:05:35","date_gmt":"2019-10-02T09:05:35","guid":{"rendered":"http:\/\/epra.hr\/?page_id=36"},"modified":"2024-03-21T18:41:09","modified_gmt":"2024-03-21T18:41:09","slug":"deante","status":"publish","type":"page","link":"https:\/\/epra.hr\/sl\/partneri\/deante\/","title":{"rendered":"Deante"},"content":{"rendered":"<p>Deante je evropska blagovna znamka, ki na trgu uspeva \u017ee 30 let. Na\u0161a \u0161iroka ponudba vklju\u010duje kuhinjsko opremo, kot so: kuhinjske pipe in pomivalna korita iz granita, nerjave\u010dega jekla in keramike ter kopalni\u0161ka oprema, ki vklju\u010duje tu\u0161e, kopalni\u0161ke pipe za umivalnike in bideje ter pipe za kopalne kadi.<\/p>\n\n\n\n<p>Deante sodeluje z vodilnimi nagrajenimi oblikovalci in mladimi talenti. Zahvaljujo\u010d njihovi ustvarjalnosti lahko ponudimo inovativne izdelke, ki so bili priznani in nagrajeni na \u0161tevilnih nate\u010dajih za oblikovanje.<\/p>\n\n\n\n<p>V posebni industrijski coni Lodz imamo sodobno tovarno za proizvodnjo granitnih kuhinjskih pomivalnih korit.  <\/p>\n\n\n\n<p>Blagovna znamka Deante je sinonim za najkakovostnej\u0161e izdelke za kopalnice in kuhinje, ki jih kupci cenijo. Zahvaljujo\u010d na\u0161im dejavnostim za izbolj\u0161anje proizvodnih standardov in postopkov zagotavljanja kakovosti ter tehnolo\u0161kemu napredku in uporabi najsodobnej\u0161ih komponent lahko vsem svojim izdelkom damo dolgoro\u010dno garancijo.  <\/p>\n\n\n\n<p>Ustvarjanje izdelkov, ki bodo zadovoljili zahteve in okuse na\u0161ih strank, je postala na\u0161a strast. Pozorni smo na najnovej\u0161e trende v notranjem oblikovanju ter sodelujemo z nadarjenimi, edinstvenimi oblikovalci. Naredimo vse, kar je v na\u0161i mo\u010di, da na\u0161i izdelki zdru\u017eujejo lepoto in neprimerljiv videz z odli\u010dnimi izku\u0161njami. Vsako leto uvajamo novosti v vse na\u0161e skupine izdelkov. Do sedaj je bilo za na\u0161e stranke pripravljenih ve\u010d kot 1500 izdelkov za kopalnice in kuhinje.<\/p>","protected":false},"excerpt":{"rendered":"<p>Deante je europski brend koji na tr\u017ei\u0161tu prosperira ve\u0107 30 godina. \u0160irok raspon na\u0161eg asortimana uklju\u010duje kuhinjsku opremu, kao \u0161to su: kuhinjske slavine i sudoperi izra\u0111eni od granita, nehr\u0111aju\u0107eg \u010delika i keramike, te oprema za kupaonice, koja uklju\u010duje tu\u0161eve, kupaonske slavine za umivaonike i bideje, i slavine za kade. Deante sura\u0111uje s vode\u0107im nagra\u0111ivanim dizajnerima [&#8230;]<\/p>\n<p><a class=\"btn btn-secondary understrap-read-more-link\" href=\"https:\/\/epra.hr\/sl\/partneri\/deante\/\">Preberi ve\u010d&#8230;<span class=\"screen-reader-text\"> from Deante<\/span><\/a><\/p>","protected":false},"author":1,"featured_media":76,"parent":13,"menu_order":0,"comment_status":"closed","ping_status":"closed","template":"partner.php","meta":{"footnotes":""},"yoast_head":"<!-- This site is optimized with the Yoast SEO plugin v22.4 - https:\/\/yoast.com\/wordpress\/plugins\/seo\/ -->\n<title>Deante - Epra d.o.o.<\/title>\n<meta name=\"robots\" content=\"index, follow, max-snippet:-1, max-image-preview:large, max-video-preview:-1\" \/>\n<link rel=\"canonical\" href=\"https:\/\/epra.hr\/sl\/partneri\/deante\/\" \/>\n<meta property=\"og:locale\" content=\"sl_SI\" \/>\n<meta property=\"og:type\" content=\"article\" \/>\n<meta property=\"og:title\" content=\"Deante - Epra d.o.o.\" \/>\n<meta property=\"og:description\" content=\"Deante je europski brend koji na tr\u017ei\u0161tu prosperira ve\u0107 30 godina. \u0160irok raspon na\u0161eg asortimana uklju\u010duje kuhinjsku opremu, kao \u0161to su: kuhinjske slavine i sudoperi izra\u0111eni od granita, nehr\u0111aju\u0107eg \u010delika i keramike, te oprema za kupaonice, koja uklju\u010duje tu\u0161eve, kupaonske slavine za umivaonike i bideje, i slavine za kade. Deante sura\u0111uje s vode\u0107im nagra\u0111ivanim dizajnerima [...]Preberi ve\u010d... from Deante\" \/>\n<meta property=\"og:url\" content=\"https:\/\/epra.hr\/sl\/partneri\/deante\/\" \/>\n<meta property=\"og:site_name\" content=\"Epra d.o.o.\" \/>\n<meta property=\"article:publisher\" content=\"https:\/\/www.facebook.com\/EPRA-106341574571660\/\" \/>\n<meta property=\"article:modified_time\" content=\"2024-03-21T18:41:09+00:00\" \/>\n<meta property=\"og:image\" content=\"https:\/\/epra.hr\/wp-content\/uploads\/2019\/10\/B_aster-Z_Maestro_27639_hd.jpg\" \/>\n\t<meta property=\"og:image:width\" content=\"1980\" \/>\n\t<meta property=\"og:image:height\" content=\"1280\" \/>\n\t<meta property=\"og:image:type\" content=\"image\/jpeg\" \/>\n<meta name=\"twitter:card\" content=\"summary_large_image\" \/>\n<meta name=\"twitter:label1\" content=\"Est. reading time\" \/>\n\t<meta name=\"twitter:data1\" content=\"1 minuta\" \/>\n<script type=\"application\/ld+json\" class=\"yoast-schema-graph\">{\"@context\":\"https:\/\/schema.org\",\"@graph\":[{\"@type\":\"WebPage\",\"@id\":\"https:\/\/epra.hr\/partneri\/deante\/\",\"url\":\"https:\/\/epra.hr\/partneri\/deante\/\",\"name\":\"Deante - Epra d.o.o.\",\"isPartOf\":{\"@id\":\"https:\/\/epra.hr\/#website\"},\"primaryImageOfPage\":{\"@id\":\"https:\/\/epra.hr\/partneri\/deante\/#primaryimage\"},\"image\":{\"@id\":\"https:\/\/epra.hr\/partneri\/deante\/#primaryimage\"},\"thumbnailUrl\":\"https:\/\/epra.hr\/wp-content\/uploads\/2019\/10\/B_aster-Z_Maestro_27639_hd.jpg\",\"datePublished\":\"2019-10-02T09:05:35+00:00\",\"dateModified\":\"2024-03-21T18:41:09+00:00\",\"breadcrumb\":{\"@id\":\"https:\/\/epra.hr\/partneri\/deante\/#breadcrumb\"},\"inLanguage\":\"sl-SI\",\"potentialAction\":[{\"@type\":\"ReadAction\",\"target\":[\"https:\/\/epra.hr\/partneri\/deante\/\"]}]},{\"@type\":\"ImageObject\",\"inLanguage\":\"sl-SI\",\"@id\":\"https:\/\/epra.hr\/partneri\/deante\/#primaryimage\",\"url\":\"https:\/\/epra.hr\/wp-content\/uploads\/2019\/10\/B_aster-Z_Maestro_27639_hd.jpg\",\"contentUrl\":\"https:\/\/epra.hr\/wp-content\/uploads\/2019\/10\/B_aster-Z_Maestro_27639_hd.jpg\",\"width\":1980,\"height\":1280,\"caption\":\"\u0160iroki asortiman vlastitih proizvoda\"},{\"@type\":\"BreadcrumbList\",\"@id\":\"https:\/\/epra.hr\/partneri\/deante\/#breadcrumb\",\"itemListElement\":[{\"@type\":\"ListItem\",\"position\":1,\"name\":\"Home\",\"item\":\"https:\/\/epra.hr\/\"},{\"@type\":\"ListItem\",\"position\":2,\"name\":\"Partneri\",\"item\":\"https:\/\/epra.hr\/partneri\/\"},{\"@type\":\"ListItem\",\"position\":3,\"name\":\"Deante\"}]},{\"@type\":\"WebSite\",\"@id\":\"https:\/\/epra.hr\/#website\",\"url\":\"https:\/\/epra.hr\/\",\"name\":\"Epra d.o.o.\",\"description\":\"Proizvodnja i prodaja slavina\",\"potentialAction\":[{\"@type\":\"SearchAction\",\"target\":{\"@type\":\"EntryPoint\",\"urlTemplate\":\"https:\/\/epra.hr\/?s={search_term_string}\"},\"query-input\":\"required name=search_term_string\"}],\"inLanguage\":\"sl-SI\"}]}<\/script>\n<!-- \/ Yoast SEO plugin. -->","yoast_head_json":{"title":"Deante - Epra d.o.o.","robots":{"index":"index","follow":"follow","max-snippet":"max-snippet:-1","max-image-preview":"max-image-preview:large","max-video-preview":"max-video-preview:-1"},"canonical":"https:\/\/epra.hr\/sl\/partneri\/deante\/","og_locale":"sl_SI","og_type":"article","og_title":"Deante - Epra d.o.o.","og_description":"Deante je europski brend koji na tr\u017ei\u0161tu prosperira ve\u0107 30 godina. \u0160irok raspon na\u0161eg asortimana uklju\u010duje kuhinjsku opremu, kao \u0161to su: kuhinjske slavine i sudoperi izra\u0111eni od granita, nehr\u0111aju\u0107eg \u010delika i keramike, te oprema za kupaonice, koja uklju\u010duje tu\u0161eve, kupaonske slavine za umivaonike i bideje, i slavine za kade. Deante sura\u0111uje s vode\u0107im nagra\u0111ivanim dizajnerima [...]Preberi ve\u010d... from Deante","og_url":"https:\/\/epra.hr\/sl\/partneri\/deante\/","og_site_name":"Epra d.o.o.","article_publisher":"https:\/\/www.facebook.com\/EPRA-106341574571660\/","article_modified_time":"2024-03-21T18:41:09+00:00","og_image":[{"width":1980,"height":1280,"url":"https:\/\/epra.hr\/wp-content\/uploads\/2019\/10\/B_aster-Z_Maestro_27639_hd.jpg","type":"image\/jpeg"}],"twitter_card":"summary_large_image","twitter_misc":{"Est. reading time":"1 minuta"},"schema":{"@context":"https:\/\/schema.org","@graph":[{"@type":"WebPage","@id":"https:\/\/epra.hr\/partneri\/deante\/","url":"https:\/\/epra.hr\/partneri\/deante\/","name":"Deante - Epra d.o.o.","isPartOf":{"@id":"https:\/\/epra.hr\/#website"},"primaryImageOfPage":{"@id":"https:\/\/epra.hr\/partneri\/deante\/#primaryimage"},"image":{"@id":"https:\/\/epra.hr\/partneri\/deante\/#primaryimage"},"thumbnailUrl":"https:\/\/epra.hr\/wp-content\/uploads\/2019\/10\/B_aster-Z_Maestro_27639_hd.jpg","datePublished":"2019-10-02T09:05:35+00:00","dateModified":"2024-03-21T18:41:09+00:00","breadcrumb":{"@id":"https:\/\/epra.hr\/partneri\/deante\/#breadcrumb"},"inLanguage":"sl-SI","potentialAction":[{"@type":"ReadAction","target":["https:\/\/epra.hr\/partneri\/deante\/"]}]},{"@type":"ImageObject","inLanguage":"sl-SI","@id":"https:\/\/epra.hr\/partneri\/deante\/#primaryimage","url":"https:\/\/epra.hr\/wp-content\/uploads\/2019\/10\/B_aster-Z_Maestro_27639_hd.jpg","contentUrl":"https:\/\/epra.hr\/wp-content\/uploads\/2019\/10\/B_aster-Z_Maestro_27639_hd.jpg","width":1980,"height":1280,"caption":"\u0160iroki asortiman vlastitih proizvoda"},{"@type":"BreadcrumbList","@id":"https:\/\/epra.hr\/partneri\/deante\/#breadcrumb","itemListElement":[{"@type":"ListItem","position":1,"name":"Home","item":"https:\/\/epra.hr\/"},{"@type":"ListItem","position":2,"name":"Partneri","item":"https:\/\/epra.hr\/partneri\/"},{"@type":"ListItem","position":3,"name":"Deante"}]},{"@type":"WebSite","@id":"https:\/\/epra.hr\/#website","url":"https:\/\/epra.hr\/","name":"Epra d.o.o.","description":"Proizvodnja i prodaja slavina","potentialAction":[{"@type":"SearchAction","target":{"@type":"EntryPoint","urlTemplate":"https:\/\/epra.hr\/?s={search_term_string}"},"query-input":"required name=search_term_string"}],"inLanguage":"sl-SI"}]}},"_links":{"self":[{"href":"https:\/\/epra.hr\/sl\/wp-json\/wp\/v2\/pages\/36"}],"collection":[{"href":"https:\/\/epra.hr\/sl\/wp-json\/wp\/v2\/pages"}],"about":[{"href":"https:\/\/epra.hr\/sl\/wp-json\/wp\/v2\/types\/page"}],"author":[{"embeddable":true,"href":"https:\/\/epra.hr\/sl\/wp-json\/wp\/v2\/users\/1"}],"replies":[{"embeddable":true,"href":"https:\/\/epra.hr\/sl\/wp-json\/wp\/v2\/comments?post=36"}],"version-history":[{"count":28,"href":"https:\/\/epra.hr\/sl\/wp-json\/wp\/v2\/pages\/36\/revisions"}],"predecessor-version":[{"id":373,"href":"https:\/\/epra.hr\/sl\/wp-json\/wp\/v2\/pages\/36\/revisions\/373"}],"up":[{"embeddable":true,"href":"https:\/\/epra.hr\/sl\/wp-json\/wp\/v2\/pages\/13"}],"wp:featuredmedia":[{"embeddable":true,"href":"https:\/\/epra.hr\/sl\/wp-json\/wp\/v2\/media\/76"}],"wp:attachment":[{"href":"https:\/\/epra.hr\/sl\/wp-json\/wp\/v2\/media?parent=36"}],"curies":[{"name":"wp","href":"https:\/\/api.w.org\/{rel}","templated":true}]}}