{"id":353,"date":"2020-06-16T13:36:40","date_gmt":"2020-06-16T13:36:40","guid":{"rendered":"http:\/\/epra.hr\/?page_id=353"},"modified":"2024-03-21T19:03:40","modified_gmt":"2024-03-21T19:03:40","slug":"pravila-o-privatnosti","status":"publish","type":"page","link":"https:\/\/epra.hr\/sl\/pravila-o-privatnosti\/","title":{"rendered":"Politika zasebnosti"},"content":{"rendered":"<p>Epra d.o.o., ki deluje v skladu s pravili o varstvu osebnih podatkov, skrbi za zasebnost obiskovalcev na\u0161ih spletnih strani in uporabnikov storitev, ki jih prek njih zagotavljamo.<\/p>\n\n\n\n<p>Vse informacije, ki jih obiskovalci spletnega mesta epra.hr po\u0161ljejo ali zabele\u017eijo, se samodejno uporabljajo izklju\u010dno v skladu s temi pravili in v skladu z Zakonom o varstvu osebnih podatkov (UL 103\/03, 118\/06, 41\/08, 130\/11, 106 \/ 12) in Zakona o elektronskih komunikacijah (UL 73\/08, 90\/11, 133\/12, 80\/13, 71\/14, 72\/17).<\/p>\n\n\n\n<p>\u010ce sprejmete to politiko zasebnosti, dajete soglasje podjetju Epra d.o.o. zbirati podatke in jih uporabljati na naslednje na\u010dine in v skladu z zakonskimi dolo\u010dbami.<\/p>\n\n\n\n<p>Za obdelavo va\u0161ih podatkov je odgovorna dru\u017eba Epra d.o.o. (\u0160krljevo 44\/3, 51223 \u0160krljevo, Hrva\u0161ka, OIB 50186381876), za dodatne informacije pa nas lahko kontaktirate na e-naslov info@epra.hr.<\/p>\n\n\n\n<p><strong>Zbiranje osebnih podatkov in njihova uporaba<\/strong><\/p>\n\n\n\n<p>Osebni podatki se nana\u0161ajo na uporabnikove podatke o identiteti (ime, priimek, e-po\u0161tni in po\u0161tni naslov, telefonska \u0161tevilka in po potrebi drugi podatki) in se zbirajo le, \u010de jih uporabnik vnese na spletno stran. Z vnosom osebnih podatkov in soglasjem sprejemate Politiko zasebnosti in izjavljate, da se z njo strinjate ter zagotavljamo, da bomo va\u0161e podatke uporabljali izklju\u010dno za informiranje \/ zagotavljanje storitev, ki ste jih zahtevali, in da ne bomo posredovati tretjim osebam, kar je zakonsko predvideno ali jasno poudarjeno spodaj. Kadar koli se lahko odjavite iz na\u0161ih novic in nehate prejemati na\u0161a obvestila, tako da kliknete povezavo znotraj glasila ali po\u0161ljete sporo\u010dilo na elektronski naslov:  <a href=\"mailto:epra@ri.t-com.hr\">info@epra.hr<\/a> .<\/p>\n\n\n\n<p>Podatke, ki nam jih posredujete, bomo uporabili za pridobitev informacij ali storitev v roku, ki ga potrebujemo, da vam ponudimo storitev ali odgovorimo na va\u0161e vpra\u0161anje.<\/p>\n\n\n\n<p><strong>Glasila in druga obvestila<\/strong><\/p>\n\n\n\n<p>Z naro\u010dnino na seznam prejemnikov glasila dajete soglasje za prejemanje na\u0161ih obvestil in informacij o na\u0161ih storitvah in dejavnostih. \u010ce se \u017eelite odjaviti s seznama prejemnikov, lahko to storite prek povezave v vsakem glasilu. Osebni podatki, uporabljeni pri naro\u010danju na glasilo, se nana\u0161ajo na ime, priimek, e-po\u0161to.<\/p>\n\n\n\n<p>Privolitev v uporabo va\u0161ih podatkov za po\u0161iljanje glasila pomeni, da se va\u0161 e-po\u0161tni naslov in osebni podatki shranjujejo v storitvi MailChimp in delijo z The Rocket Science Group LLC d \/ b \/ a MailChimp za namene po\u0161iljanja na\u0161ih obvestil oz. tr\u017ena sporo\u010dila. Ve\u010d o politiki zasebnosti za MailChimp preberite tukaj (<a href=\"https:\/\/mailchimp.com\/legal\/privacy\/?_ga=2.134074567.855721341.1526463834-38994259.1517493279\">https:\/\/mailchimp.com\/legal\/privacy\/?_ga=2.134074567.855721341.1526463834-38994259.1517493279<\/a>).<\/p>\n\n\n\n<p><strong>Pi\u0161kotki in njihova uporaba (pi\u0161kotki)<\/strong><\/p>\n\n\n\n<p>Pi\u0161kotki so datoteke, ki jih spletna mesta shranjujejo v va\u0161em ra\u010dunalniku ali mobilni napravi. Pi\u0161kotki obi\u010dajno vsebujejo informacije, kot so naslov IP, vrsta brskalnika, \u010das dostopa do spletnih strani, jezik, v katerem brskate po spletnih straneh in podobno. Z njihovo zbiranjem so spletna mesta prilagojena potrebam uporabnikov in omogo\u010dajo najkakovostnej\u0161o uporabni\u0161ko izku\u0161njo. \u010ceprav te dejavnosti ne morete neposredno nadzorovati, vam internetni brskalnik omogo\u010da prilagajanje nastavitev zbiranja pi\u0161kotkov.<\/p>\n\n\n\n<p>Z uporabo na\u0161ega spletnega mesta sprejemate uporabo pi\u0161kotkov in lahko prilagodite nadaljnje dejavnosti njihovega shranjevanja in uporabe v nastavitvah internetnih brskalnikov ter izberete, ali \u017eelite sprejeti ali zavrniti zahtevo za shranjevanje pi\u0161kotkov, brisanje pi\u0161kotkov in druge dejavnosti povezane z uporabo pi\u0161kotkov. \u010ce se odlo\u010dite, da ne boste uporabljali na\u0161ih pi\u0161kotkov, vam storitev morda ne bo popolna.<\/p>\n\n\n\n<p><strong>Katere pi\u0161kotke uporablja na\u0161a spletna stran<\/strong><\/p>\n\n\n\n<p>Na na\u0161i spletni strani uporabljamo ve\u010d vrst pi\u0161kotkov: sejni pi\u0161kotki, trajni pi\u0161kotki in pi\u0161kotki tretjih oseb, ki pomagajo pri razlagi spletnih dejavnosti uporabnikov in za tr\u017ene namene.<\/p>\n\n\n\n<p>Za\u010dasni pi\u0161kotki se izbri\u0161ejo takoj po zaprtju spletnega brskalnika in se uporabljajo za dostop do vsebine ali komentarjev. Na\u0161e spletne strani uporabljajo pi\u0161kotke Krea CMS in WordPress CMS.<\/p>\n\n\n\n<p>Stalni pi\u0161kotki olaj\u0161ajo razumevanje uporabni\u0161kih navad in se zbirajo anonimno (brez zbiranja osebnih podatkov). Shranijo se z dolo\u010denim datumom poteka in jih je mogo\u010de izbrisati v spletnem brskalniku (glej spodaj).<\/p>\n\n\n\n<p>Na\u0161e spletne strani uporabljajo storitve tretjih oseb (drugih podjetij), ki prav tako zbirajo pi\u0161kotke, od katerih se nekateri uporabljajo za normalno delovanje dolo\u010denih delov spletnega mesta, za tr\u017ene namene ali za razumevanje dejavnosti uporabnikov. To je pribli\u017eno:<\/p>\n\n\n\n<ul><li>\n\n\t<strong>Google\n\tAnalytics<\/strong>uporablja se za sledenje prometu strani; Informacije o varnosti in zasebnosti te storitve najdete tukaj (<a href=\"https:\/\/support.google.com\/analytics\/answer\/6004245?hl=hr\">https:\/\/support.google.com\/analytics\/answer\/6004245?hl=hr<\/a>), medtem ko lahko storitev izklopite tukaj (<a href=\"https:\/\/tools.google.com\/dlpage\/gaoptout\/\">https:\/\/tools.google.com\/dlpage\/gaoptout\/<\/a>).\n<\/li><\/ul>\n\n\n\n<ul><li> <strong>WordPress CMS: <\/strong>WordPress za preverjanje va\u0161e identitete uporablja pi\u0161kotke, shranjene v va\u0161em ra\u010dunalniku. Ve\u010d informacij: <a href=\"https:\/\/wordpress.org\/support\/article\/cookies\/\">https:\/\/wordpress.org\/support\/article\/cookies\/<\/a><br> <br><\/li><\/ul>\n\n\n\n<p>Spletna mesta ne uporabljajo pi\u0161kotkov, ki omogo\u010dajo zagon programov v ra\u010dunalniku.<\/p>\n\n\n\n<p><strong>Kako upravljati s pi\u0161kotki<\/strong><\/p>\n\n\n\n<p>Pi\u0161kotke, ki jih spletna mesta shranjujejo v va\u0161i napravi, lahko izbri\u0161ete in izklju\u010dite mo\u017enost zbiranja pi\u0161kotkov. \u010ce pa pi\u0161kotke izklopite, se lahko nekatere funkcije spletnega mesta zmanj\u0161ajo ali onemogo\u010dijo. Pi\u0161kotke lahko upravljate v katerem koli spletnem brskalniku:<\/p>\n\n\n\n<ul><li>\n\n\tGoogle\n\tChrome (<a href=\"https:\/\/support.google.com\/chrome\/answer\/2392709\">https:\/\/support.google.com\/chrome\/answer\/2392709<\/a>)\n\t<\/li><li>\n\n\tMozilla\n\tFirefox\n\t(<a href=\"https:\/\/support.mozilla.org\/en-US\/kb\/enable-and-disable-cookies-website-preferences\">https:\/\/support.mozilla.org\/en-US\/kb\/enable-and-disable-cookies-website-preferences<\/a>)\n\t<\/li><li>\n\n\tInternet\n\tExplorer\n\t(<a href=\"https:\/\/support.microsoft.com\/hr-hr\/help\/17442\/windows-internet-explorer-delete-manage-cookies\">https:\/\/support.microsoft.com\/hr-hr\/help\/17442\/windows-internet-explorer-delete-manage-cookies<\/a>)\n\t<\/li><li>\n\n\tOpera\n\t(<a href=\"https:\/\/www.opera.com\/help\/tutorials\/security\/privacy\/\">https:\/\/www.opera.com\/help\/tutorials\/security\/privacy\/<\/a>)\n\t<\/li><li>\n\n\tSafari\n\t(<a href=\"https:\/\/support.apple.com\/kb\/PH21411?locale=hr_HR\">https:\/\/support.apple.com\/kb\/PH21411?locale=hr_HR<\/a>)\n\t\n\t\n<\/li><\/ul>","protected":false},"excerpt":{"rendered":"<p>Epra d.o.o., postupaju\u0107i u skladu s pravilima o za\u0161titi osobnih podataka brine o privatnosti posjetitelja na\u0161ih web stranica i korisnika usluga koje pru\u017eamo putem njih. Sve informacije koje posjetitelji web stranica epra.hr po\u0161alju ili se bilje\u017eene automatski koriste se isklju\u010divo u skladu ovim Pravilima te prema Zakonu o za\u0161titi osobnih podataka (NN 103\/03, 118\/06, 41\/08, [&#8230;]<\/p>\n<p><a class=\"btn btn-secondary understrap-read-more-link\" href=\"https:\/\/epra.hr\/sl\/pravila-o-privatnosti\/\">Preberi ve\u010d&#8230;<span class=\"screen-reader-text\"> from Pravila o privatnosti<\/span><\/a><\/p>","protected":false},"author":1,"featured_media":0,"parent":0,"menu_order":0,"comment_status":"closed","ping_status":"closed","template":"page-templates\/fullwidthpage.php","meta":{"footnotes":""},"yoast_head":"<!-- This site is optimized with the Yoast SEO plugin v22.4 - https:\/\/yoast.com\/wordpress\/plugins\/seo\/ -->\n<title>Pravila o privatnosti - Epra d.o.o.<\/title>\n<meta name=\"robots\" content=\"index, follow, max-snippet:-1, max-image-preview:large, max-video-preview:-1\" \/>\n<link rel=\"canonical\" href=\"https:\/\/epra.hr\/sl\/pravila-o-privatnosti\/\" \/>\n<meta property=\"og:locale\" content=\"sl_SI\" \/>\n<meta property=\"og:type\" content=\"article\" \/>\n<meta property=\"og:title\" content=\"Pravila o privatnosti - Epra d.o.o.\" \/>\n<meta property=\"og:description\" content=\"Epra d.o.o., postupaju\u0107i u skladu s pravilima o za\u0161titi osobnih podataka brine o privatnosti posjetitelja na\u0161ih web stranica i korisnika usluga koje pru\u017eamo putem njih. Sve informacije koje posjetitelji web stranica epra.hr po\u0161alju ili se bilje\u017eene automatski koriste se isklju\u010divo u skladu ovim Pravilima te prema Zakonu o za\u0161titi osobnih podataka (NN 103\/03, 118\/06, 41\/08, [...]Preberi ve\u010d... from Pravila o privatnosti\" \/>\n<meta property=\"og:url\" content=\"https:\/\/epra.hr\/sl\/pravila-o-privatnosti\/\" \/>\n<meta property=\"og:site_name\" content=\"Epra d.o.o.\" \/>\n<meta property=\"article:publisher\" content=\"https:\/\/www.facebook.com\/EPRA-106341574571660\/\" \/>\n<meta property=\"article:modified_time\" content=\"2024-03-21T19:03:40+00:00\" \/>\n<meta name=\"twitter:card\" content=\"summary_large_image\" \/>\n<meta name=\"twitter:label1\" content=\"Est. reading time\" \/>\n\t<meta name=\"twitter:data1\" content=\"5 minut\" \/>\n<script type=\"application\/ld+json\" class=\"yoast-schema-graph\">{\"@context\":\"https:\/\/schema.org\",\"@graph\":[{\"@type\":\"WebPage\",\"@id\":\"https:\/\/epra.hr\/en\/pravila-o-privatnosti\/\",\"url\":\"https:\/\/epra.hr\/en\/pravila-o-privatnosti\/\",\"name\":\"Pravila o privatnosti - Epra d.o.o.\",\"isPartOf\":{\"@id\":\"https:\/\/epra.hr\/#website\"},\"datePublished\":\"2020-06-16T13:36:40+00:00\",\"dateModified\":\"2024-03-21T19:03:40+00:00\",\"breadcrumb\":{\"@id\":\"https:\/\/epra.hr\/en\/pravila-o-privatnosti\/#breadcrumb\"},\"inLanguage\":\"sl-SI\",\"potentialAction\":[{\"@type\":\"ReadAction\",\"target\":[\"https:\/\/epra.hr\/en\/pravila-o-privatnosti\/\"]}]},{\"@type\":\"BreadcrumbList\",\"@id\":\"https:\/\/epra.hr\/en\/pravila-o-privatnosti\/#breadcrumb\",\"itemListElement\":[{\"@type\":\"ListItem\",\"position\":1,\"name\":\"Home\",\"item\":\"https:\/\/epra.hr\/\"},{\"@type\":\"ListItem\",\"position\":2,\"name\":\"Pravila o privatnosti\"}]},{\"@type\":\"WebSite\",\"@id\":\"https:\/\/epra.hr\/#website\",\"url\":\"https:\/\/epra.hr\/\",\"name\":\"Epra d.o.o.\",\"description\":\"Proizvodnja i prodaja slavina\",\"potentialAction\":[{\"@type\":\"SearchAction\",\"target\":{\"@type\":\"EntryPoint\",\"urlTemplate\":\"https:\/\/epra.hr\/?s={search_term_string}\"},\"query-input\":\"required name=search_term_string\"}],\"inLanguage\":\"sl-SI\"}]}<\/script>\n<!-- \/ Yoast SEO plugin. -->","yoast_head_json":{"title":"Pravila o privatnosti - Epra d.o.o.","robots":{"index":"index","follow":"follow","max-snippet":"max-snippet:-1","max-image-preview":"max-image-preview:large","max-video-preview":"max-video-preview:-1"},"canonical":"https:\/\/epra.hr\/sl\/pravila-o-privatnosti\/","og_locale":"sl_SI","og_type":"article","og_title":"Pravila o privatnosti - Epra d.o.o.","og_description":"Epra d.o.o., postupaju\u0107i u skladu s pravilima o za\u0161titi osobnih podataka brine o privatnosti posjetitelja na\u0161ih web stranica i korisnika usluga koje pru\u017eamo putem njih. Sve informacije koje posjetitelji web stranica epra.hr po\u0161alju ili se bilje\u017eene automatski koriste se isklju\u010divo u skladu ovim Pravilima te prema Zakonu o za\u0161titi osobnih podataka (NN 103\/03, 118\/06, 41\/08, [...]Preberi ve\u010d... from Pravila o privatnosti","og_url":"https:\/\/epra.hr\/sl\/pravila-o-privatnosti\/","og_site_name":"Epra d.o.o.","article_publisher":"https:\/\/www.facebook.com\/EPRA-106341574571660\/","article_modified_time":"2024-03-21T19:03:40+00:00","twitter_card":"summary_large_image","twitter_misc":{"Est. reading time":"5 minut"},"schema":{"@context":"https:\/\/schema.org","@graph":[{"@type":"WebPage","@id":"https:\/\/epra.hr\/en\/pravila-o-privatnosti\/","url":"https:\/\/epra.hr\/en\/pravila-o-privatnosti\/","name":"Pravila o privatnosti - Epra d.o.o.","isPartOf":{"@id":"https:\/\/epra.hr\/#website"},"datePublished":"2020-06-16T13:36:40+00:00","dateModified":"2024-03-21T19:03:40+00:00","breadcrumb":{"@id":"https:\/\/epra.hr\/en\/pravila-o-privatnosti\/#breadcrumb"},"inLanguage":"sl-SI","potentialAction":[{"@type":"ReadAction","target":["https:\/\/epra.hr\/en\/pravila-o-privatnosti\/"]}]},{"@type":"BreadcrumbList","@id":"https:\/\/epra.hr\/en\/pravila-o-privatnosti\/#breadcrumb","itemListElement":[{"@type":"ListItem","position":1,"name":"Home","item":"https:\/\/epra.hr\/"},{"@type":"ListItem","position":2,"name":"Pravila o privatnosti"}]},{"@type":"WebSite","@id":"https:\/\/epra.hr\/#website","url":"https:\/\/epra.hr\/","name":"Epra d.o.o.","description":"Proizvodnja i prodaja slavina","potentialAction":[{"@type":"SearchAction","target":{"@type":"EntryPoint","urlTemplate":"https:\/\/epra.hr\/?s={search_term_string}"},"query-input":"required name=search_term_string"}],"inLanguage":"sl-SI"}]}},"_links":{"self":[{"href":"https:\/\/epra.hr\/sl\/wp-json\/wp\/v2\/pages\/353"}],"collection":[{"href":"https:\/\/epra.hr\/sl\/wp-json\/wp\/v2\/pages"}],"about":[{"href":"https:\/\/epra.hr\/sl\/wp-json\/wp\/v2\/types\/page"}],"author":[{"embeddable":true,"href":"https:\/\/epra.hr\/sl\/wp-json\/wp\/v2\/users\/1"}],"replies":[{"embeddable":true,"href":"https:\/\/epra.hr\/sl\/wp-json\/wp\/v2\/comments?post=353"}],"version-history":[{"count":2,"href":"https:\/\/epra.hr\/sl\/wp-json\/wp\/v2\/pages\/353\/revisions"}],"predecessor-version":[{"id":379,"href":"https:\/\/epra.hr\/sl\/wp-json\/wp\/v2\/pages\/353\/revisions\/379"}],"wp:attachment":[{"href":"https:\/\/epra.hr\/sl\/wp-json\/wp\/v2\/media?parent=353"}],"curies":[{"name":"wp","href":"https:\/\/api.w.org\/{rel}","templated":true}]}}