{"id":9,"date":"2019-10-02T06:50:57","date_gmt":"2019-10-02T06:50:57","guid":{"rendered":"http:\/\/epra.hr\/?page_id=9"},"modified":"2024-03-26T15:23:32","modified_gmt":"2024-03-26T15:23:32","slug":"o-nama","status":"publish","type":"page","link":"https:\/\/epra.hr\/en\/o-nama\/","title":{"rendered":"About Us"},"content":{"rendered":"<p>Epra d.o.o was founded in 1993 as a small family business for the production and wholesale of faucets and parts. Over the years we have grown and today we are known as one of the major distributors of faucets and parts in our region.<\/p>\n\n\n\n<p>In order to offer our clients only the best, the brand \"EPRA\" was created. Our mission is to be recognized as a manufacturer that offers high quality, exceptional functionality, affordability and complete health safe products.<\/p>\n\n\n\n<p>We do not leave things to chance, but we pay special attention to the health safety of all our products that are included in regular official sanitary and health inspections. Therefore, our products meet the most demanding European sanitary and health standards<\/p>\n\n\n\n<p>We can proudly point out that, guided by experience through constant contact with clients, we have developed an excellent knowledge of market needs. Our team is full of experience, knowledge and is always ready to provide advice to its clients in choosing the best option according to their needs. Through the organized work of commercial and field services, our products are available to everyone.<\/p>\n\n\n\n<p>Your Epra team.<\/p>","protected":false},"excerpt":{"rendered":"<p>Epra d.o.o je osnovana 1993 godine kao malo obiteljsko poduze\u0107e za proizvodnju i veleprodaju slavina i dijelova. Tijekom godina rasli smo i napredovali te smo danas poznati kao jedni od zna\u010dajnijih distributera slavina i dijelova u na\u0161oj regiji. U \u017eelji da svojim klijentima nudimo samo najbolje, nastao je brand \u201eEPRA\u201c. Na\u0161a misija je da budemo [&#8230;]<\/p>\n<p><a class=\"btn btn-secondary understrap-read-more-link\" href=\"https:\/\/epra.hr\/en\/o-nama\/\">Read More&#8230;<span class=\"screen-reader-text\"> from O nama<\/span><\/a><\/p>","protected":false},"author":1,"featured_media":147,"parent":0,"menu_order":0,"comment_status":"closed","ping_status":"closed","template":"","meta":{"footnotes":""},"yoast_head":"<!-- This site is optimized with the Yoast SEO plugin v22.4 - https:\/\/yoast.com\/wordpress\/plugins\/seo\/ -->\n<title>O nama - Epra d.o.o.<\/title>\n<meta name=\"robots\" content=\"index, follow, max-snippet:-1, max-image-preview:large, max-video-preview:-1\" \/>\n<link rel=\"canonical\" href=\"https:\/\/epra.hr\/en\/o-nama\/\" \/>\n<meta property=\"og:locale\" content=\"en_GB\" \/>\n<meta property=\"og:type\" content=\"article\" \/>\n<meta property=\"og:title\" content=\"O nama - Epra d.o.o.\" \/>\n<meta property=\"og:description\" content=\"Epra d.o.o je osnovana 1993 godine kao malo obiteljsko poduze\u0107e za proizvodnju i veleprodaju slavina i dijelova. Tijekom godina rasli smo i napredovali te smo danas poznati kao jedni od zna\u010dajnijih distributera slavina i dijelova u na\u0161oj regiji. U \u017eelji da svojim klijentima nudimo samo najbolje, nastao je brand \u201eEPRA\u201c. Na\u0161a misija je da budemo [...]Read More... from O nama\" \/>\n<meta property=\"og:url\" content=\"https:\/\/epra.hr\/en\/o-nama\/\" \/>\n<meta property=\"og:site_name\" content=\"Epra d.o.o.\" \/>\n<meta property=\"article:publisher\" content=\"https:\/\/www.facebook.com\/EPRA-106341574571660\/\" \/>\n<meta property=\"article:modified_time\" content=\"2024-03-26T15:23:32+00:00\" \/>\n<meta property=\"og:image\" content=\"https:\/\/epra.hr\/wp-content\/uploads\/2019\/11\/Epra-zgrada2.jpg\" \/>\n\t<meta property=\"og:image:width\" content=\"1024\" \/>\n\t<meta property=\"og:image:height\" content=\"645\" \/>\n\t<meta property=\"og:image:type\" content=\"image\/jpeg\" \/>\n<meta name=\"twitter:card\" content=\"summary_large_image\" \/>\n<meta name=\"twitter:label1\" content=\"Estimated reading time\" \/>\n\t<meta name=\"twitter:data1\" content=\"1 minute\" \/>\n<script type=\"application\/ld+json\" class=\"yoast-schema-graph\">{\"@context\":\"https:\/\/schema.org\",\"@graph\":[{\"@type\":\"WebPage\",\"@id\":\"https:\/\/epra.hr\/o-nama\/\",\"url\":\"https:\/\/epra.hr\/o-nama\/\",\"name\":\"O nama - Epra d.o.o.\",\"isPartOf\":{\"@id\":\"https:\/\/epra.hr\/#website\"},\"primaryImageOfPage\":{\"@id\":\"https:\/\/epra.hr\/o-nama\/#primaryimage\"},\"image\":{\"@id\":\"https:\/\/epra.hr\/o-nama\/#primaryimage\"},\"thumbnailUrl\":\"https:\/\/epra.hr\/wp-content\/uploads\/2019\/11\/Epra-zgrada2.jpg\",\"datePublished\":\"2019-10-02T06:50:57+00:00\",\"dateModified\":\"2024-03-26T15:23:32+00:00\",\"breadcrumb\":{\"@id\":\"https:\/\/epra.hr\/o-nama\/#breadcrumb\"},\"inLanguage\":\"en-GB\",\"potentialAction\":[{\"@type\":\"ReadAction\",\"target\":[\"https:\/\/epra.hr\/o-nama\/\"]}]},{\"@type\":\"ImageObject\",\"inLanguage\":\"en-GB\",\"@id\":\"https:\/\/epra.hr\/o-nama\/#primaryimage\",\"url\":\"https:\/\/epra.hr\/wp-content\/uploads\/2019\/11\/Epra-zgrada2.jpg\",\"contentUrl\":\"https:\/\/epra.hr\/wp-content\/uploads\/2019\/11\/Epra-zgrada2.jpg\",\"width\":1024,\"height\":645,\"caption\":\"Epra d.o.o. proizvodnja slavina\"},{\"@type\":\"BreadcrumbList\",\"@id\":\"https:\/\/epra.hr\/o-nama\/#breadcrumb\",\"itemListElement\":[{\"@type\":\"ListItem\",\"position\":1,\"name\":\"Home\",\"item\":\"https:\/\/epra.hr\/\"},{\"@type\":\"ListItem\",\"position\":2,\"name\":\"O nama\"}]},{\"@type\":\"WebSite\",\"@id\":\"https:\/\/epra.hr\/#website\",\"url\":\"https:\/\/epra.hr\/\",\"name\":\"Epra d.o.o.\",\"description\":\"Proizvodnja i prodaja slavina\",\"potentialAction\":[{\"@type\":\"SearchAction\",\"target\":{\"@type\":\"EntryPoint\",\"urlTemplate\":\"https:\/\/epra.hr\/?s={search_term_string}\"},\"query-input\":\"required name=search_term_string\"}],\"inLanguage\":\"en-GB\"}]}<\/script>\n<!-- \/ Yoast SEO plugin. -->","yoast_head_json":{"title":"O nama - Epra d.o.o.","robots":{"index":"index","follow":"follow","max-snippet":"max-snippet:-1","max-image-preview":"max-image-preview:large","max-video-preview":"max-video-preview:-1"},"canonical":"https:\/\/epra.hr\/en\/o-nama\/","og_locale":"en_GB","og_type":"article","og_title":"O nama - Epra d.o.o.","og_description":"Epra d.o.o je osnovana 1993 godine kao malo obiteljsko poduze\u0107e za proizvodnju i veleprodaju slavina i dijelova. Tijekom godina rasli smo i napredovali te smo danas poznati kao jedni od zna\u010dajnijih distributera slavina i dijelova u na\u0161oj regiji. U \u017eelji da svojim klijentima nudimo samo najbolje, nastao je brand \u201eEPRA\u201c. Na\u0161a misija je da budemo [...]Read More... from O nama","og_url":"https:\/\/epra.hr\/en\/o-nama\/","og_site_name":"Epra d.o.o.","article_publisher":"https:\/\/www.facebook.com\/EPRA-106341574571660\/","article_modified_time":"2024-03-26T15:23:32+00:00","og_image":[{"width":1024,"height":645,"url":"https:\/\/epra.hr\/wp-content\/uploads\/2019\/11\/Epra-zgrada2.jpg","type":"image\/jpeg"}],"twitter_card":"summary_large_image","twitter_misc":{"Estimated reading time":"1 minute"},"schema":{"@context":"https:\/\/schema.org","@graph":[{"@type":"WebPage","@id":"https:\/\/epra.hr\/o-nama\/","url":"https:\/\/epra.hr\/o-nama\/","name":"O nama - Epra d.o.o.","isPartOf":{"@id":"https:\/\/epra.hr\/#website"},"primaryImageOfPage":{"@id":"https:\/\/epra.hr\/o-nama\/#primaryimage"},"image":{"@id":"https:\/\/epra.hr\/o-nama\/#primaryimage"},"thumbnailUrl":"https:\/\/epra.hr\/wp-content\/uploads\/2019\/11\/Epra-zgrada2.jpg","datePublished":"2019-10-02T06:50:57+00:00","dateModified":"2024-03-26T15:23:32+00:00","breadcrumb":{"@id":"https:\/\/epra.hr\/o-nama\/#breadcrumb"},"inLanguage":"en-GB","potentialAction":[{"@type":"ReadAction","target":["https:\/\/epra.hr\/o-nama\/"]}]},{"@type":"ImageObject","inLanguage":"en-GB","@id":"https:\/\/epra.hr\/o-nama\/#primaryimage","url":"https:\/\/epra.hr\/wp-content\/uploads\/2019\/11\/Epra-zgrada2.jpg","contentUrl":"https:\/\/epra.hr\/wp-content\/uploads\/2019\/11\/Epra-zgrada2.jpg","width":1024,"height":645,"caption":"Epra d.o.o. proizvodnja slavina"},{"@type":"BreadcrumbList","@id":"https:\/\/epra.hr\/o-nama\/#breadcrumb","itemListElement":[{"@type":"ListItem","position":1,"name":"Home","item":"https:\/\/epra.hr\/"},{"@type":"ListItem","position":2,"name":"O nama"}]},{"@type":"WebSite","@id":"https:\/\/epra.hr\/#website","url":"https:\/\/epra.hr\/","name":"Epra d.o.o.","description":"Proizvodnja i prodaja slavina","potentialAction":[{"@type":"SearchAction","target":{"@type":"EntryPoint","urlTemplate":"https:\/\/epra.hr\/?s={search_term_string}"},"query-input":"required name=search_term_string"}],"inLanguage":"en-GB"}]}},"_links":{"self":[{"href":"https:\/\/epra.hr\/en\/wp-json\/wp\/v2\/pages\/9"}],"collection":[{"href":"https:\/\/epra.hr\/en\/wp-json\/wp\/v2\/pages"}],"about":[{"href":"https:\/\/epra.hr\/en\/wp-json\/wp\/v2\/types\/page"}],"author":[{"embeddable":true,"href":"https:\/\/epra.hr\/en\/wp-json\/wp\/v2\/users\/1"}],"replies":[{"embeddable":true,"href":"https:\/\/epra.hr\/en\/wp-json\/wp\/v2\/comments?post=9"}],"version-history":[{"count":11,"href":"https:\/\/epra.hr\/en\/wp-json\/wp\/v2\/pages\/9\/revisions"}],"predecessor-version":[{"id":361,"href":"https:\/\/epra.hr\/en\/wp-json\/wp\/v2\/pages\/9\/revisions\/361"}],"wp:featuredmedia":[{"embeddable":true,"href":"https:\/\/epra.hr\/en\/wp-json\/wp\/v2\/media\/147"}],"wp:attachment":[{"href":"https:\/\/epra.hr\/en\/wp-json\/wp\/v2\/media?parent=9"}],"curies":[{"name":"wp","href":"https:\/\/api.w.org\/{rel}","templated":true}]}}