{"id":81,"date":"2019-11-25T16:35:43","date_gmt":"2019-11-25T16:35:43","guid":{"rendered":"http:\/\/epra.hr\/?page_id=81"},"modified":"2024-04-03T16:05:16","modified_gmt":"2024-04-03T16:05:16","slug":"proizvodnja","status":"publish","type":"page","link":"https:\/\/epra.hr\/en\/proizvodnja\/","title":{"rendered":"Production"},"content":{"rendered":"<p>Thanks to adapting to market needs and its own many years of experience, Epra d.o.o. began manufacturing faucets using exclusively high-quality components from world-renowned parts manufacturers.<\/p>\n\n\n\n<p><strong>Our professionalism and knowledge enable us to produce high quality products, in the production of which proven components have been used that guarantee the complete health safety of Epra products.<\/strong><\/p>\n\n<a href=\"https:\/\/epra.hr\/en\/katalog-proizvodnje-2024\/\" target=\"_blank\" class=\"btn btn-asortiman\" rel=\"noopener noreferrer\">Catalog of product selection<\/a>","protected":false},"excerpt":{"rendered":"<p>Zahvaljuju\u0107i prilago\u0111avanju potrebama tr\u017ei\u0161ta te vlastitom vi\u0161egodi\u0161njem iskustvu, Epra d.o.o. zapo\u010dela je proizvodnju slavina koriste\u0107i isklju\u010divo visokvalitetne komponente renomiranih svjetskih proizvo\u0111a\u010da dijelova. Na\u0161a profesionalnost i znanje omogu\u0107avaju nam izradu proizvoda visoke kvalitete, u \u010dijoj su izradi kori\u0161tene provjerene komponente koje jam\u010de potpunu zdravstvenu ispravnost Epra proizvoda. Katalog proizvodnog asortimana [&#8230;]<\/p>\n<p><a class=\"btn btn-secondary understrap-read-more-link\" href=\"https:\/\/epra.hr\/en\/proizvodnja\/\">Read More&#8230;<span class=\"screen-reader-text\"> from Proizvodnja<\/span><\/a><\/p>","protected":false},"author":1,"featured_media":288,"parent":0,"menu_order":0,"comment_status":"closed","ping_status":"closed","template":"","meta":{"footnotes":""},"yoast_head":"<!-- This site is optimized with the Yoast SEO plugin v22.4 - https:\/\/yoast.com\/wordpress\/plugins\/seo\/ -->\n<title>Epra d.o.o. | Proizvodnja slavina<\/title>\n<meta name=\"description\" content=\"Vi\u0161egodi\u0161nje iskustvo u proizvodnji slavina visoke kvalitete\" \/>\n<meta name=\"robots\" content=\"index, follow, max-snippet:-1, max-image-preview:large, max-video-preview:-1\" \/>\n<link rel=\"canonical\" href=\"https:\/\/epra.hr\/en\/proizvodnja\/\" \/>\n<meta property=\"og:locale\" content=\"en_GB\" \/>\n<meta property=\"og:type\" content=\"article\" \/>\n<meta property=\"og:title\" content=\"Epra d.o.o. | Proizvodnja slavina\" \/>\n<meta property=\"og:description\" content=\"Vi\u0161egodi\u0161nje iskustvo u proizvodnji slavina visoke kvalitete\" \/>\n<meta property=\"og:url\" content=\"https:\/\/epra.hr\/en\/proizvodnja\/\" \/>\n<meta property=\"og:site_name\" content=\"Epra d.o.o.\" \/>\n<meta property=\"article:publisher\" content=\"https:\/\/www.facebook.com\/EPRA-106341574571660\/\" \/>\n<meta property=\"article:modified_time\" content=\"2024-04-03T16:05:16+00:00\" \/>\n<meta property=\"og:image\" content=\"https:\/\/epra.hr\/wp-content\/uploads\/2020\/06\/13.jpg\" \/>\n\t<meta property=\"og:image:width\" content=\"1920\" \/>\n\t<meta property=\"og:image:height\" content=\"1282\" \/>\n\t<meta property=\"og:image:type\" content=\"image\/jpeg\" \/>\n<meta name=\"twitter:card\" content=\"summary_large_image\" \/>\n<meta name=\"twitter:label1\" content=\"Estimated reading time\" \/>\n\t<meta name=\"twitter:data1\" content=\"1 minute\" \/>\n<script type=\"application\/ld+json\" class=\"yoast-schema-graph\">{\"@context\":\"https:\/\/schema.org\",\"@graph\":[{\"@type\":\"WebPage\",\"@id\":\"https:\/\/epra.hr\/proizvodnja\/\",\"url\":\"https:\/\/epra.hr\/proizvodnja\/\",\"name\":\"Epra d.o.o. | Proizvodnja slavina\",\"isPartOf\":{\"@id\":\"https:\/\/epra.hr\/#website\"},\"primaryImageOfPage\":{\"@id\":\"https:\/\/epra.hr\/proizvodnja\/#primaryimage\"},\"image\":{\"@id\":\"https:\/\/epra.hr\/proizvodnja\/#primaryimage\"},\"thumbnailUrl\":\"https:\/\/epra.hr\/wp-content\/uploads\/2020\/06\/13.jpg\",\"datePublished\":\"2019-11-25T16:35:43+00:00\",\"dateModified\":\"2024-04-03T16:05:16+00:00\",\"description\":\"Vi\u0161egodi\u0161nje iskustvo u proizvodnji slavina visoke kvalitete\",\"breadcrumb\":{\"@id\":\"https:\/\/epra.hr\/proizvodnja\/#breadcrumb\"},\"inLanguage\":\"en-GB\",\"potentialAction\":[{\"@type\":\"ReadAction\",\"target\":[\"https:\/\/epra.hr\/proizvodnja\/\"]}]},{\"@type\":\"ImageObject\",\"inLanguage\":\"en-GB\",\"@id\":\"https:\/\/epra.hr\/proizvodnja\/#primaryimage\",\"url\":\"https:\/\/epra.hr\/wp-content\/uploads\/2020\/06\/13.jpg\",\"contentUrl\":\"https:\/\/epra.hr\/wp-content\/uploads\/2020\/06\/13.jpg\",\"width\":1920,\"height\":1282,\"caption\":\"Epra d.o.o. proizvodnja slavina\"},{\"@type\":\"BreadcrumbList\",\"@id\":\"https:\/\/epra.hr\/proizvodnja\/#breadcrumb\",\"itemListElement\":[{\"@type\":\"ListItem\",\"position\":1,\"name\":\"Home\",\"item\":\"https:\/\/epra.hr\/\"},{\"@type\":\"ListItem\",\"position\":2,\"name\":\"Proizvodnja\"}]},{\"@type\":\"WebSite\",\"@id\":\"https:\/\/epra.hr\/#website\",\"url\":\"https:\/\/epra.hr\/\",\"name\":\"Epra d.o.o.\",\"description\":\"Proizvodnja i prodaja slavina\",\"potentialAction\":[{\"@type\":\"SearchAction\",\"target\":{\"@type\":\"EntryPoint\",\"urlTemplate\":\"https:\/\/epra.hr\/?s={search_term_string}\"},\"query-input\":\"required name=search_term_string\"}],\"inLanguage\":\"en-GB\"}]}<\/script>\n<!-- \/ Yoast SEO plugin. -->","yoast_head_json":{"title":"Epra d.o.o. | Proizvodnja slavina","description":"Vi\u0161egodi\u0161nje iskustvo u proizvodnji slavina visoke kvalitete","robots":{"index":"index","follow":"follow","max-snippet":"max-snippet:-1","max-image-preview":"max-image-preview:large","max-video-preview":"max-video-preview:-1"},"canonical":"https:\/\/epra.hr\/en\/proizvodnja\/","og_locale":"en_GB","og_type":"article","og_title":"Epra d.o.o. | Proizvodnja slavina","og_description":"Vi\u0161egodi\u0161nje iskustvo u proizvodnji slavina visoke kvalitete","og_url":"https:\/\/epra.hr\/en\/proizvodnja\/","og_site_name":"Epra d.o.o.","article_publisher":"https:\/\/www.facebook.com\/EPRA-106341574571660\/","article_modified_time":"2024-04-03T16:05:16+00:00","og_image":[{"width":1920,"height":1282,"url":"https:\/\/epra.hr\/wp-content\/uploads\/2020\/06\/13.jpg","type":"image\/jpeg"}],"twitter_card":"summary_large_image","twitter_misc":{"Estimated reading time":"1 minute"},"schema":{"@context":"https:\/\/schema.org","@graph":[{"@type":"WebPage","@id":"https:\/\/epra.hr\/proizvodnja\/","url":"https:\/\/epra.hr\/proizvodnja\/","name":"Epra d.o.o. | Proizvodnja slavina","isPartOf":{"@id":"https:\/\/epra.hr\/#website"},"primaryImageOfPage":{"@id":"https:\/\/epra.hr\/proizvodnja\/#primaryimage"},"image":{"@id":"https:\/\/epra.hr\/proizvodnja\/#primaryimage"},"thumbnailUrl":"https:\/\/epra.hr\/wp-content\/uploads\/2020\/06\/13.jpg","datePublished":"2019-11-25T16:35:43+00:00","dateModified":"2024-04-03T16:05:16+00:00","description":"Vi\u0161egodi\u0161nje iskustvo u proizvodnji slavina visoke kvalitete","breadcrumb":{"@id":"https:\/\/epra.hr\/proizvodnja\/#breadcrumb"},"inLanguage":"en-GB","potentialAction":[{"@type":"ReadAction","target":["https:\/\/epra.hr\/proizvodnja\/"]}]},{"@type":"ImageObject","inLanguage":"en-GB","@id":"https:\/\/epra.hr\/proizvodnja\/#primaryimage","url":"https:\/\/epra.hr\/wp-content\/uploads\/2020\/06\/13.jpg","contentUrl":"https:\/\/epra.hr\/wp-content\/uploads\/2020\/06\/13.jpg","width":1920,"height":1282,"caption":"Epra d.o.o. proizvodnja slavina"},{"@type":"BreadcrumbList","@id":"https:\/\/epra.hr\/proizvodnja\/#breadcrumb","itemListElement":[{"@type":"ListItem","position":1,"name":"Home","item":"https:\/\/epra.hr\/"},{"@type":"ListItem","position":2,"name":"Proizvodnja"}]},{"@type":"WebSite","@id":"https:\/\/epra.hr\/#website","url":"https:\/\/epra.hr\/","name":"Epra d.o.o.","description":"Proizvodnja i prodaja slavina","potentialAction":[{"@type":"SearchAction","target":{"@type":"EntryPoint","urlTemplate":"https:\/\/epra.hr\/?s={search_term_string}"},"query-input":"required name=search_term_string"}],"inLanguage":"en-GB"}]}},"_links":{"self":[{"href":"https:\/\/epra.hr\/en\/wp-json\/wp\/v2\/pages\/81"}],"collection":[{"href":"https:\/\/epra.hr\/en\/wp-json\/wp\/v2\/pages"}],"about":[{"href":"https:\/\/epra.hr\/en\/wp-json\/wp\/v2\/types\/page"}],"author":[{"embeddable":true,"href":"https:\/\/epra.hr\/en\/wp-json\/wp\/v2\/users\/1"}],"replies":[{"embeddable":true,"href":"https:\/\/epra.hr\/en\/wp-json\/wp\/v2\/comments?post=81"}],"version-history":[{"count":6,"href":"https:\/\/epra.hr\/en\/wp-json\/wp\/v2\/pages\/81\/revisions"}],"predecessor-version":[{"id":523,"href":"https:\/\/epra.hr\/en\/wp-json\/wp\/v2\/pages\/81\/revisions\/523"}],"wp:featuredmedia":[{"embeddable":true,"href":"https:\/\/epra.hr\/en\/wp-json\/wp\/v2\/media\/288"}],"wp:attachment":[{"href":"https:\/\/epra.hr\/en\/wp-json\/wp\/v2\/media?parent=81"}],"curies":[{"name":"wp","href":"https:\/\/api.w.org\/{rel}","templated":true}]}}