{"id":7,"date":"2019-10-02T06:50:45","date_gmt":"2019-10-02T06:50:45","guid":{"rendered":"http:\/\/epra.hr\/?page_id=7"},"modified":"2024-04-22T18:56:48","modified_gmt":"2024-04-22T18:56:48","slug":"home","status":"publish","type":"page","link":"https:\/\/epra.hr\/en\/","title":{"rendered":"Home"},"content":{"rendered":"<h2 class=\"wp-block-heading\">About Us<\/h2>\r\n\r\n\r\n\r\n<p>Epra d.o.o was founded in 1993 as a small family business for the production and wholesale of faucets and parts. Over the years we have grown and today we are known as one of the major distributors of faucets and parts in our region.<br \/><br \/>In order to offer our clients only the best, the brand \"EPRA\" was created. Our mission is to be recognized as a manufacturer that offers high quality, exceptional functionality, affordability and complete health safe products.<br \/><br \/>We do not leave things to chance, but we pay special attention to the health safety of all our products that are included in regular official sanitary and health inspections. Therefore, our products meet the most demanding European sanitary and health standards<\/p>","protected":false},"excerpt":{"rendered":"<p>O nama Epra d.o.o je osnovana 1993 godine kao malo obiteljsko poduze\u0107e za proizvodnju i veleprodaju slavina i dijelova. Tijekom godina rasli smo i napredovali te smo danas poznati kao jedni od zna\u010dajnijih distributera slavina i dijelova u na\u0161oj regiji. U \u017eelji da svojim klijentima nudimo samo najbolje, nastao je brand \u201eEPRA\u201c. Na\u0161a misija je [&#8230;]<\/p>\n<p><a class=\"btn btn-secondary understrap-read-more-link\" href=\"https:\/\/epra.hr\/en\/\">Read More&#8230;<span class=\"screen-reader-text\"> from Home<\/span><\/a><\/p>","protected":false},"author":1,"featured_media":147,"parent":0,"menu_order":0,"comment_status":"closed","ping_status":"closed","template":"","meta":{"footnotes":""},"yoast_head":"<!-- This site is optimized with the Yoast SEO plugin v22.4 - https:\/\/yoast.com\/wordpress\/plugins\/seo\/ -->\n<title>Epra d.o.o. | Proizvodnja i veleprodaja slavina i dijelova<\/title>\n<meta name=\"description\" content=\"Epra d.o.o je osnovana 1993. godine kao malo obiteljsko poduze\u0107e za proizvodnju i veleprodaju slavina i dijelova.\" \/>\n<meta name=\"robots\" content=\"index, follow, max-snippet:-1, max-image-preview:large, max-video-preview:-1\" \/>\n<link rel=\"canonical\" href=\"https:\/\/epra.hr\/en\/\" \/>\n<meta property=\"og:locale\" content=\"en_GB\" \/>\n<meta property=\"og:type\" content=\"article\" \/>\n<meta property=\"og:title\" content=\"Epra d.o.o. | Proizvodnja i veleprodaja slavina i dijelova\" \/>\n<meta property=\"og:description\" content=\"Epra d.o.o je osnovana 1993. godine kao malo obiteljsko poduze\u0107e za proizvodnju i veleprodaju slavina i dijelova.\" \/>\n<meta property=\"og:url\" content=\"https:\/\/epra.hr\/en\/\" \/>\n<meta property=\"og:site_name\" content=\"Epra d.o.o.\" \/>\n<meta property=\"article:publisher\" content=\"https:\/\/www.facebook.com\/EPRA-106341574571660\/\" \/>\n<meta property=\"article:modified_time\" content=\"2024-04-22T18:56:48+00:00\" \/>\n<meta property=\"og:image\" content=\"https:\/\/epra.hr\/wp-content\/uploads\/2019\/11\/Epra-zgrada2.jpg\" \/>\n\t<meta property=\"og:image:width\" content=\"1024\" \/>\n\t<meta property=\"og:image:height\" content=\"645\" \/>\n\t<meta property=\"og:image:type\" content=\"image\/jpeg\" \/>\n<meta name=\"twitter:card\" content=\"summary_large_image\" \/>\n<meta name=\"twitter:label1\" content=\"Estimated reading time\" \/>\n\t<meta name=\"twitter:data1\" content=\"1 minute\" \/>\n<script type=\"application\/ld+json\" class=\"yoast-schema-graph\">{\"@context\":\"https:\/\/schema.org\",\"@graph\":[{\"@type\":\"WebPage\",\"@id\":\"https:\/\/epra.hr\/\",\"url\":\"https:\/\/epra.hr\/\",\"name\":\"Epra d.o.o. | Proizvodnja i veleprodaja slavina i dijelova\",\"isPartOf\":{\"@id\":\"https:\/\/epra.hr\/#website\"},\"primaryImageOfPage\":{\"@id\":\"https:\/\/epra.hr\/#primaryimage\"},\"image\":{\"@id\":\"https:\/\/epra.hr\/#primaryimage\"},\"thumbnailUrl\":\"https:\/\/epra.hr\/wp-content\/uploads\/2019\/11\/Epra-zgrada2.jpg\",\"datePublished\":\"2019-10-02T06:50:45+00:00\",\"dateModified\":\"2024-04-22T18:56:48+00:00\",\"description\":\"Epra d.o.o je osnovana 1993. godine kao malo obiteljsko poduze\u0107e za proizvodnju i veleprodaju slavina i dijelova.\",\"breadcrumb\":{\"@id\":\"https:\/\/epra.hr\/#breadcrumb\"},\"inLanguage\":\"en-GB\",\"potentialAction\":[{\"@type\":\"ReadAction\",\"target\":[\"https:\/\/epra.hr\/\"]}]},{\"@type\":\"ImageObject\",\"inLanguage\":\"en-GB\",\"@id\":\"https:\/\/epra.hr\/#primaryimage\",\"url\":\"https:\/\/epra.hr\/wp-content\/uploads\/2019\/11\/Epra-zgrada2.jpg\",\"contentUrl\":\"https:\/\/epra.hr\/wp-content\/uploads\/2019\/11\/Epra-zgrada2.jpg\",\"width\":1024,\"height\":645,\"caption\":\"Epra d.o.o. proizvodnja slavina\"},{\"@type\":\"BreadcrumbList\",\"@id\":\"https:\/\/epra.hr\/#breadcrumb\",\"itemListElement\":[{\"@type\":\"ListItem\",\"position\":1,\"name\":\"Home\",\"item\":\"https:\/\/epra.hr\/\"},{\"@type\":\"ListItem\",\"position\":2,\"name\":\"Home\"}]},{\"@type\":\"WebSite\",\"@id\":\"https:\/\/epra.hr\/#website\",\"url\":\"https:\/\/epra.hr\/\",\"name\":\"Epra d.o.o.\",\"description\":\"Proizvodnja i prodaja slavina\",\"potentialAction\":[{\"@type\":\"SearchAction\",\"target\":{\"@type\":\"EntryPoint\",\"urlTemplate\":\"https:\/\/epra.hr\/?s={search_term_string}\"},\"query-input\":\"required name=search_term_string\"}],\"inLanguage\":\"en-GB\"}]}<\/script>\n<!-- \/ Yoast SEO plugin. -->","yoast_head_json":{"title":"Epra d.o.o. | Proizvodnja i veleprodaja slavina i dijelova","description":"Epra d.o.o je osnovana 1993. godine kao malo obiteljsko poduze\u0107e za proizvodnju i veleprodaju slavina i dijelova.","robots":{"index":"index","follow":"follow","max-snippet":"max-snippet:-1","max-image-preview":"max-image-preview:large","max-video-preview":"max-video-preview:-1"},"canonical":"https:\/\/epra.hr\/en\/","og_locale":"en_GB","og_type":"article","og_title":"Epra d.o.o. | Proizvodnja i veleprodaja slavina i dijelova","og_description":"Epra d.o.o je osnovana 1993. godine kao malo obiteljsko poduze\u0107e za proizvodnju i veleprodaju slavina i dijelova.","og_url":"https:\/\/epra.hr\/en\/","og_site_name":"Epra d.o.o.","article_publisher":"https:\/\/www.facebook.com\/EPRA-106341574571660\/","article_modified_time":"2024-04-22T18:56:48+00:00","og_image":[{"width":1024,"height":645,"url":"https:\/\/epra.hr\/wp-content\/uploads\/2019\/11\/Epra-zgrada2.jpg","type":"image\/jpeg"}],"twitter_card":"summary_large_image","twitter_misc":{"Estimated reading time":"1 minute"},"schema":{"@context":"https:\/\/schema.org","@graph":[{"@type":"WebPage","@id":"https:\/\/epra.hr\/","url":"https:\/\/epra.hr\/","name":"Epra d.o.o. | Proizvodnja i veleprodaja slavina i dijelova","isPartOf":{"@id":"https:\/\/epra.hr\/#website"},"primaryImageOfPage":{"@id":"https:\/\/epra.hr\/#primaryimage"},"image":{"@id":"https:\/\/epra.hr\/#primaryimage"},"thumbnailUrl":"https:\/\/epra.hr\/wp-content\/uploads\/2019\/11\/Epra-zgrada2.jpg","datePublished":"2019-10-02T06:50:45+00:00","dateModified":"2024-04-22T18:56:48+00:00","description":"Epra d.o.o je osnovana 1993. godine kao malo obiteljsko poduze\u0107e za proizvodnju i veleprodaju slavina i dijelova.","breadcrumb":{"@id":"https:\/\/epra.hr\/#breadcrumb"},"inLanguage":"en-GB","potentialAction":[{"@type":"ReadAction","target":["https:\/\/epra.hr\/"]}]},{"@type":"ImageObject","inLanguage":"en-GB","@id":"https:\/\/epra.hr\/#primaryimage","url":"https:\/\/epra.hr\/wp-content\/uploads\/2019\/11\/Epra-zgrada2.jpg","contentUrl":"https:\/\/epra.hr\/wp-content\/uploads\/2019\/11\/Epra-zgrada2.jpg","width":1024,"height":645,"caption":"Epra d.o.o. proizvodnja slavina"},{"@type":"BreadcrumbList","@id":"https:\/\/epra.hr\/#breadcrumb","itemListElement":[{"@type":"ListItem","position":1,"name":"Home","item":"https:\/\/epra.hr\/"},{"@type":"ListItem","position":2,"name":"Home"}]},{"@type":"WebSite","@id":"https:\/\/epra.hr\/#website","url":"https:\/\/epra.hr\/","name":"Epra d.o.o.","description":"Proizvodnja i prodaja slavina","potentialAction":[{"@type":"SearchAction","target":{"@type":"EntryPoint","urlTemplate":"https:\/\/epra.hr\/?s={search_term_string}"},"query-input":"required name=search_term_string"}],"inLanguage":"en-GB"}]}},"_links":{"self":[{"href":"https:\/\/epra.hr\/en\/wp-json\/wp\/v2\/pages\/7"}],"collection":[{"href":"https:\/\/epra.hr\/en\/wp-json\/wp\/v2\/pages"}],"about":[{"href":"https:\/\/epra.hr\/en\/wp-json\/wp\/v2\/types\/page"}],"author":[{"embeddable":true,"href":"https:\/\/epra.hr\/en\/wp-json\/wp\/v2\/users\/1"}],"replies":[{"embeddable":true,"href":"https:\/\/epra.hr\/en\/wp-json\/wp\/v2\/comments?post=7"}],"version-history":[{"count":81,"href":"https:\/\/epra.hr\/en\/wp-json\/wp\/v2\/pages\/7\/revisions"}],"predecessor-version":[{"id":567,"href":"https:\/\/epra.hr\/en\/wp-json\/wp\/v2\/pages\/7\/revisions\/567"}],"wp:featuredmedia":[{"embeddable":true,"href":"https:\/\/epra.hr\/en\/wp-json\/wp\/v2\/media\/147"}],"wp:attachment":[{"href":"https:\/\/epra.hr\/en\/wp-json\/wp\/v2\/media?parent=7"}],"curies":[{"name":"wp","href":"https:\/\/api.w.org\/{rel}","templated":true}]}}