{"id":42,"date":"2019-10-02T09:07:34","date_gmt":"2019-10-02T09:07:34","guid":{"rendered":"http:\/\/epra.hr\/?page_id=42"},"modified":"2024-03-22T03:48:24","modified_gmt":"2024-03-22T03:48:24","slug":"mcm-taps","status":"publish","type":"page","link":"https:\/\/epra.hr\/en\/partneri\/mcm-taps\/","title":{"rendered":"MCM Taps"},"content":{"rendered":"<p>MCM was founded in 1991 by the Margarini family in Borgomaner (NO).<\/p>\n\n\n\n<p>We are located in the district of Piedmont in the northeastern part of the country, specializing in a specific industry of the engineering sector: taps and fittings. The Cusio-Valsesia tap district is still one of the world's largest brass processing centers.<\/p>\n\n\n\n<p>\nIn time\nwe have developed a line of self-closing taps and quality equipment\nand simple operation.<\/p>\n\n\n\n<p> Our products are designed for public buildings and areas with special conditions and specifics. MCM products include faucets (for washbasin, wall, shower) and valves (for urinals and toilets) with automatic closing that can be controlled by a button, lever, pedal or electronic device (infrared), in addition to faucets with instantaneous closing (drinking fountain). <\/p>\n\n\n\n<figure class=\"wp-block-image\"><img loading=\"lazy\" decoding=\"async\" width=\"976\" height=\"400\" src=\"http:\/\/epra.hr\/wp-content\/uploads\/2020\/06\/mcm-epra.jpg\" alt=\"\" class=\"wp-image-371\" srcset=\"https:\/\/epra.hr\/wp-content\/uploads\/2020\/06\/mcm-epra.jpg 976w, https:\/\/epra.hr\/wp-content\/uploads\/2020\/06\/mcm-epra-150x61.jpg 150w, https:\/\/epra.hr\/wp-content\/uploads\/2020\/06\/mcm-epra-300x123.jpg 300w, https:\/\/epra.hr\/wp-content\/uploads\/2020\/06\/mcm-epra-768x315.jpg 768w\" sizes=\"(max-width: 976px) 100vw, 976px\" \/><\/figure>\n\n\n\n<p> <\/p>","protected":false},"excerpt":{"rendered":"<p>MCM je osnovala je 1991. godine obitelj Margarini u Borgomaneru (NO). Nalazimo se u okrugu Piemonte na sjeveroisto\u010dnom dijelu zemlje, specijaliziranom za specifi\u010dnu industriju in\u017eenjerskog sektora: slavine i priklju\u010dci. \u010cetvrt slavina Cusio-Valsesia i dalje je jedan od najve\u0107ih svjetskih centara za obradu mesinga. Vremenom smo razvili liniju slavina za samo zatvaranje i opreme za kvalitetno [&#8230;]<\/p>\n<p><a class=\"btn btn-secondary understrap-read-more-link\" href=\"https:\/\/epra.hr\/en\/partneri\/mcm-taps\/\">Read More&#8230;<span class=\"screen-reader-text\"> from MCM Taps<\/span><\/a><\/p>","protected":false},"author":1,"featured_media":0,"parent":13,"menu_order":0,"comment_status":"closed","ping_status":"closed","template":"partner.php","meta":{"footnotes":""},"yoast_head":"<!-- This site is optimized with the Yoast SEO plugin v22.4 - https:\/\/yoast.com\/wordpress\/plugins\/seo\/ -->\n<title>MCM Taps - Epra d.o.o.<\/title>\n<meta name=\"robots\" content=\"index, follow, max-snippet:-1, max-image-preview:large, max-video-preview:-1\" \/>\n<link rel=\"canonical\" href=\"https:\/\/epra.hr\/en\/partneri\/mcm-taps\/\" \/>\n<meta property=\"og:locale\" content=\"en_GB\" \/>\n<meta property=\"og:type\" content=\"article\" \/>\n<meta property=\"og:title\" content=\"MCM Taps - Epra d.o.o.\" \/>\n<meta property=\"og:description\" content=\"MCM je osnovala je 1991. godine obitelj Margarini u Borgomaneru (NO). Nalazimo se u okrugu Piemonte na sjeveroisto\u010dnom dijelu zemlje, specijaliziranom za specifi\u010dnu industriju in\u017eenjerskog sektora: slavine i priklju\u010dci. \u010cetvrt slavina Cusio-Valsesia i dalje je jedan od najve\u0107ih svjetskih centara za obradu mesinga. Vremenom smo razvili liniju slavina za samo zatvaranje i opreme za kvalitetno [...]Read More... from MCM Taps\" \/>\n<meta property=\"og:url\" content=\"https:\/\/epra.hr\/en\/partneri\/mcm-taps\/\" \/>\n<meta property=\"og:site_name\" content=\"Epra d.o.o.\" \/>\n<meta property=\"article:publisher\" content=\"https:\/\/www.facebook.com\/EPRA-106341574571660\/\" \/>\n<meta property=\"article:modified_time\" content=\"2024-03-22T03:48:24+00:00\" \/>\n<meta property=\"og:image\" content=\"http:\/\/epra.hr\/wp-content\/uploads\/2020\/06\/mcm-epra.jpg\" \/>\n<meta name=\"twitter:card\" content=\"summary_large_image\" \/>\n<meta name=\"twitter:label1\" content=\"Estimated reading time\" \/>\n\t<meta name=\"twitter:data1\" content=\"1 minute\" \/>\n<script type=\"application\/ld+json\" class=\"yoast-schema-graph\">{\"@context\":\"https:\/\/schema.org\",\"@graph\":[{\"@type\":\"WebPage\",\"@id\":\"https:\/\/epra.hr\/partneri\/mcm-taps\/\",\"url\":\"https:\/\/epra.hr\/partneri\/mcm-taps\/\",\"name\":\"MCM Taps - Epra d.o.o.\",\"isPartOf\":{\"@id\":\"https:\/\/epra.hr\/#website\"},\"primaryImageOfPage\":{\"@id\":\"https:\/\/epra.hr\/partneri\/mcm-taps\/#primaryimage\"},\"image\":{\"@id\":\"https:\/\/epra.hr\/partneri\/mcm-taps\/#primaryimage\"},\"thumbnailUrl\":\"http:\/\/epra.hr\/wp-content\/uploads\/2020\/06\/mcm-epra.jpg\",\"datePublished\":\"2019-10-02T09:07:34+00:00\",\"dateModified\":\"2024-03-22T03:48:24+00:00\",\"breadcrumb\":{\"@id\":\"https:\/\/epra.hr\/partneri\/mcm-taps\/#breadcrumb\"},\"inLanguage\":\"en-GB\",\"potentialAction\":[{\"@type\":\"ReadAction\",\"target\":[\"https:\/\/epra.hr\/partneri\/mcm-taps\/\"]}]},{\"@type\":\"ImageObject\",\"inLanguage\":\"en-GB\",\"@id\":\"https:\/\/epra.hr\/partneri\/mcm-taps\/#primaryimage\",\"url\":\"http:\/\/epra.hr\/wp-content\/uploads\/2020\/06\/mcm-epra.jpg\",\"contentUrl\":\"http:\/\/epra.hr\/wp-content\/uploads\/2020\/06\/mcm-epra.jpg\"},{\"@type\":\"BreadcrumbList\",\"@id\":\"https:\/\/epra.hr\/partneri\/mcm-taps\/#breadcrumb\",\"itemListElement\":[{\"@type\":\"ListItem\",\"position\":1,\"name\":\"Home\",\"item\":\"https:\/\/epra.hr\/\"},{\"@type\":\"ListItem\",\"position\":2,\"name\":\"Partneri\",\"item\":\"https:\/\/epra.hr\/partneri\/\"},{\"@type\":\"ListItem\",\"position\":3,\"name\":\"MCM Taps\"}]},{\"@type\":\"WebSite\",\"@id\":\"https:\/\/epra.hr\/#website\",\"url\":\"https:\/\/epra.hr\/\",\"name\":\"Epra d.o.o.\",\"description\":\"Proizvodnja i prodaja slavina\",\"potentialAction\":[{\"@type\":\"SearchAction\",\"target\":{\"@type\":\"EntryPoint\",\"urlTemplate\":\"https:\/\/epra.hr\/?s={search_term_string}\"},\"query-input\":\"required name=search_term_string\"}],\"inLanguage\":\"en-GB\"}]}<\/script>\n<!-- \/ Yoast SEO plugin. -->","yoast_head_json":{"title":"MCM Taps - Epra d.o.o.","robots":{"index":"index","follow":"follow","max-snippet":"max-snippet:-1","max-image-preview":"max-image-preview:large","max-video-preview":"max-video-preview:-1"},"canonical":"https:\/\/epra.hr\/en\/partneri\/mcm-taps\/","og_locale":"en_GB","og_type":"article","og_title":"MCM Taps - Epra d.o.o.","og_description":"MCM je osnovala je 1991. godine obitelj Margarini u Borgomaneru (NO). Nalazimo se u okrugu Piemonte na sjeveroisto\u010dnom dijelu zemlje, specijaliziranom za specifi\u010dnu industriju in\u017eenjerskog sektora: slavine i priklju\u010dci. \u010cetvrt slavina Cusio-Valsesia i dalje je jedan od najve\u0107ih svjetskih centara za obradu mesinga. Vremenom smo razvili liniju slavina za samo zatvaranje i opreme za kvalitetno [...]Read More... from MCM Taps","og_url":"https:\/\/epra.hr\/en\/partneri\/mcm-taps\/","og_site_name":"Epra d.o.o.","article_publisher":"https:\/\/www.facebook.com\/EPRA-106341574571660\/","article_modified_time":"2024-03-22T03:48:24+00:00","og_image":[{"url":"http:\/\/epra.hr\/wp-content\/uploads\/2020\/06\/mcm-epra.jpg"}],"twitter_card":"summary_large_image","twitter_misc":{"Estimated reading time":"1 minute"},"schema":{"@context":"https:\/\/schema.org","@graph":[{"@type":"WebPage","@id":"https:\/\/epra.hr\/partneri\/mcm-taps\/","url":"https:\/\/epra.hr\/partneri\/mcm-taps\/","name":"MCM Taps - Epra d.o.o.","isPartOf":{"@id":"https:\/\/epra.hr\/#website"},"primaryImageOfPage":{"@id":"https:\/\/epra.hr\/partneri\/mcm-taps\/#primaryimage"},"image":{"@id":"https:\/\/epra.hr\/partneri\/mcm-taps\/#primaryimage"},"thumbnailUrl":"http:\/\/epra.hr\/wp-content\/uploads\/2020\/06\/mcm-epra.jpg","datePublished":"2019-10-02T09:07:34+00:00","dateModified":"2024-03-22T03:48:24+00:00","breadcrumb":{"@id":"https:\/\/epra.hr\/partneri\/mcm-taps\/#breadcrumb"},"inLanguage":"en-GB","potentialAction":[{"@type":"ReadAction","target":["https:\/\/epra.hr\/partneri\/mcm-taps\/"]}]},{"@type":"ImageObject","inLanguage":"en-GB","@id":"https:\/\/epra.hr\/partneri\/mcm-taps\/#primaryimage","url":"http:\/\/epra.hr\/wp-content\/uploads\/2020\/06\/mcm-epra.jpg","contentUrl":"http:\/\/epra.hr\/wp-content\/uploads\/2020\/06\/mcm-epra.jpg"},{"@type":"BreadcrumbList","@id":"https:\/\/epra.hr\/partneri\/mcm-taps\/#breadcrumb","itemListElement":[{"@type":"ListItem","position":1,"name":"Home","item":"https:\/\/epra.hr\/"},{"@type":"ListItem","position":2,"name":"Partneri","item":"https:\/\/epra.hr\/partneri\/"},{"@type":"ListItem","position":3,"name":"MCM Taps"}]},{"@type":"WebSite","@id":"https:\/\/epra.hr\/#website","url":"https:\/\/epra.hr\/","name":"Epra d.o.o.","description":"Proizvodnja i prodaja slavina","potentialAction":[{"@type":"SearchAction","target":{"@type":"EntryPoint","urlTemplate":"https:\/\/epra.hr\/?s={search_term_string}"},"query-input":"required name=search_term_string"}],"inLanguage":"en-GB"}]}},"_links":{"self":[{"href":"https:\/\/epra.hr\/en\/wp-json\/wp\/v2\/pages\/42"}],"collection":[{"href":"https:\/\/epra.hr\/en\/wp-json\/wp\/v2\/pages"}],"about":[{"href":"https:\/\/epra.hr\/en\/wp-json\/wp\/v2\/types\/page"}],"author":[{"embeddable":true,"href":"https:\/\/epra.hr\/en\/wp-json\/wp\/v2\/users\/1"}],"replies":[{"embeddable":true,"href":"https:\/\/epra.hr\/en\/wp-json\/wp\/v2\/comments?post=42"}],"version-history":[{"count":7,"href":"https:\/\/epra.hr\/en\/wp-json\/wp\/v2\/pages\/42\/revisions"}],"predecessor-version":[{"id":372,"href":"https:\/\/epra.hr\/en\/wp-json\/wp\/v2\/pages\/42\/revisions\/372"}],"up":[{"embeddable":true,"href":"https:\/\/epra.hr\/en\/wp-json\/wp\/v2\/pages\/13"}],"wp:attachment":[{"href":"https:\/\/epra.hr\/en\/wp-json\/wp\/v2\/media?parent=42"}],"curies":[{"name":"wp","href":"https:\/\/api.w.org\/{rel}","templated":true}]}}